{"id":3122,"date":"2021-01-16T15:52:53","date_gmt":"2021-01-16T15:52:53","guid":{"rendered":"https:\/\/nmdigitalteam.com\/?post_type=product&#038;p=3122"},"modified":"2022-01-20T21:21:44","modified_gmt":"2022-01-20T21:21:44","slug":"sem-ppc-paketleri","status":"publish","type":"product","link":"https:\/\/nmdigitalteam.com\/az\/product\/sem-ppc-paketleri\/","title":{"rendered":"SEM\/PPC Paketl\u0259ri"},"content":{"rendered":"","protected":false},"excerpt":{"rendered":"","protected":false},"featured_media":3128,"template":"","meta":[],"product_brand":[],"product_cat":[144],"product_tag":[],"class_list":{"0":"post-3122","1":"product","2":"type-product","3":"status-publish","4":"has-post-thumbnail","6":"product_cat-digital-marketinq","8":"first","9":"instock","10":"shipping-taxable","11":"purchasable","12":"product-type-variable"},"yoast_head":"<!-- This site is optimized with the Yoast SEO plugin v27.3 - https:\/\/yoast.com\/product\/yoast-seo-wordpress\/ -->\n<title>NM Digital Team SEM (PPC) Xidm\u0259tl\u0259ri. \u00dcst S\u0259viyy\u0259 PPC Xidm\u0259ti<\/title>\n<meta name=\"description\" content=\"NM Digital Team sizl\u0259r\u0259 y\u00fcks\u0259k s\u0259viyy\u0259d\u0259 SEM (PPC) xidm\u0259ti t\u0259klif edir. M\u00fck\u0259mm\u0259l bir PPC strategiyas\u0131 il\u0259 sat\u0131\u015flar\u0131n\u0131z\u0131 y\u00fcks\u0259ldin.\" \/>\n<meta name=\"robots\" content=\"index, follow, max-snippet:-1, max-image-preview:large, max-video-preview:-1\" \/>\n<link rel=\"canonical\" href=\"https:\/\/nmdigitalteam.com\/az\/product\/sem-ppc-paketleri\/\" \/>\n<script type=\"application\/ld+json\" class=\"yoast-schema-graph\">{\"@context\":\"https:\\\/\\\/schema.org\",\"@graph\":[{\"@type\":\"WebPage\",\"@id\":\"https:\\\/\\\/nmdigitalteam.com\\\/az\\\/product\\\/sem-ppc-paketleri\\\/\",\"url\":\"https:\\\/\\\/nmdigitalteam.com\\\/az\\\/product\\\/sem-ppc-paketleri\\\/\",\"name\":\"NM Digital Team SEM (PPC) Xidm\u0259tl\u0259ri. \u00dcst S\u0259viyy\u0259 PPC Xidm\u0259ti\",\"isPartOf\":{\"@id\":\"https:\\\/\\\/nmdigitalteam.com\\\/az\\\/#website\"},\"primaryImageOfPage\":{\"@id\":\"https:\\\/\\\/nmdigitalteam.com\\\/az\\\/product\\\/sem-ppc-paketleri\\\/#primaryimage\"},\"image\":{\"@id\":\"https:\\\/\\\/nmdigitalteam.com\\\/az\\\/product\\\/sem-ppc-paketleri\\\/#primaryimage\"},\"thumbnailUrl\":\"https:\\\/\\\/nmdigitalteam.com\\\/wp-content\\\/uploads\\\/2021\\\/01\\\/professional-sem-ppc-xidmetleri-NM-Digital-Team.jpg\",\"datePublished\":\"2021-01-16T15:52:53+00:00\",\"dateModified\":\"2022-01-20T21:21:44+00:00\",\"description\":\"NM Digital Team sizl\u0259r\u0259 y\u00fcks\u0259k s\u0259viyy\u0259d\u0259 SEM (PPC) xidm\u0259ti t\u0259klif edir. M\u00fck\u0259mm\u0259l bir PPC strategiyas\u0131 il\u0259 sat\u0131\u015flar\u0131n\u0131z\u0131 y\u00fcks\u0259ldin.\",\"breadcrumb\":{\"@id\":\"https:\\\/\\\/nmdigitalteam.com\\\/az\\\/product\\\/sem-ppc-paketleri\\\/#breadcrumb\"},\"inLanguage\":\"az\",\"potentialAction\":[{\"@type\":\"ReadAction\",\"target\":[\"https:\\\/\\\/nmdigitalteam.com\\\/az\\\/product\\\/sem-ppc-paketleri\\\/\"]}]},{\"@type\":\"ImageObject\",\"inLanguage\":\"az\",\"@id\":\"https:\\\/\\\/nmdigitalteam.com\\\/az\\\/product\\\/sem-ppc-paketleri\\\/#primaryimage\",\"url\":\"https:\\\/\\\/nmdigitalteam.com\\\/wp-content\\\/uploads\\\/2021\\\/01\\\/professional-sem-ppc-xidmetleri-NM-Digital-Team.jpg\",\"contentUrl\":\"https:\\\/\\\/nmdigitalteam.com\\\/wp-content\\\/uploads\\\/2021\\\/01\\\/professional-sem-ppc-xidmetleri-NM-Digital-Team.jpg\",\"width\":626,\"height\":402},{\"@type\":\"BreadcrumbList\",\"@id\":\"https:\\\/\\\/nmdigitalteam.com\\\/az\\\/product\\\/sem-ppc-paketleri\\\/#breadcrumb\",\"itemListElement\":[{\"@type\":\"ListItem\",\"position\":1,\"name\":\"Home\",\"item\":\"https:\\\/\\\/nmdigitalteam.com\\\/az\\\/\"},{\"@type\":\"ListItem\",\"position\":2,\"name\":\"Shop\",\"item\":\"https:\\\/\\\/nmdigitalteam.com\\\/az\\\/shop\\\/\"},{\"@type\":\"ListItem\",\"position\":3,\"name\":\"SEM\\\/PPC Paketl\u0259ri\"}]},{\"@type\":\"WebSite\",\"@id\":\"https:\\\/\\\/nmdigitalteam.com\\\/az\\\/#website\",\"url\":\"https:\\\/\\\/nmdigitalteam.com\\\/az\\\/\",\"name\":\"\",\"description\":\"\",\"publisher\":{\"@id\":\"https:\\\/\\\/nmdigitalteam.com\\\/az\\\/#organization\"},\"potentialAction\":[{\"@type\":\"SearchAction\",\"target\":{\"@type\":\"EntryPoint\",\"urlTemplate\":\"https:\\\/\\\/nmdigitalteam.com\\\/az\\\/?s={search_term_string}\"},\"query-input\":{\"@type\":\"PropertyValueSpecification\",\"valueRequired\":true,\"valueName\":\"search_term_string\"}}],\"inLanguage\":\"az\"},{\"@type\":\"Organization\",\"@id\":\"https:\\\/\\\/nmdigitalteam.com\\\/az\\\/#organization\",\"name\":\"NM Digital Team\",\"url\":\"https:\\\/\\\/nmdigitalteam.com\\\/az\\\/\",\"logo\":{\"@type\":\"ImageObject\",\"inLanguage\":\"az\",\"@id\":\"https:\\\/\\\/nmdigitalteam.com\\\/az\\\/#\\\/schema\\\/logo\\\/image\\\/\",\"url\":\"https:\\\/\\\/nmdigitalteam.com\\\/wp-content\\\/uploads\\\/2020\\\/07\\\/NM-DIGITAL-TEAM-Reqemsal-Marketing-Xidmetleri-Baku-e1600283694568.png\",\"contentUrl\":\"https:\\\/\\\/nmdigitalteam.com\\\/wp-content\\\/uploads\\\/2020\\\/07\\\/NM-DIGITAL-TEAM-Reqemsal-Marketing-Xidmetleri-Baku-e1600283694568.png\",\"width\":128,\"height\":128,\"caption\":\"NM Digital Team\"},\"image\":{\"@id\":\"https:\\\/\\\/nmdigitalteam.com\\\/az\\\/#\\\/schema\\\/logo\\\/image\\\/\"},\"sameAs\":[\"https:\\\/\\\/www.facebook.com\\\/NMdigitalteam\",\"https:\\\/\\\/x.com\\\/nmdigitalteam\",\"https:\\\/\\\/www.instagram.com\\\/nmdigitalteam\\\/\",\"https:\\\/\\\/www.linkedin.com\\\/company\\\/nm-digital-team\",\"https:\\\/\\\/www.pinterest.com\\\/nmdigitalteam\\\/\"]}]}<\/script>\n<!-- \/ Yoast SEO plugin. -->","yoast_head_json":{"title":"NM Digital Team SEM (PPC) Xidm\u0259tl\u0259ri. \u00dcst S\u0259viyy\u0259 PPC Xidm\u0259ti","description":"NM Digital Team sizl\u0259r\u0259 y\u00fcks\u0259k s\u0259viyy\u0259d\u0259 SEM (PPC) xidm\u0259ti t\u0259klif edir. M\u00fck\u0259mm\u0259l bir PPC strategiyas\u0131 il\u0259 sat\u0131\u015flar\u0131n\u0131z\u0131 y\u00fcks\u0259ldin.","robots":{"index":"index","follow":"follow","max-snippet":"max-snippet:-1","max-image-preview":"max-image-preview:large","max-video-preview":"max-video-preview:-1"},"canonical":"https:\/\/nmdigitalteam.com\/az\/product\/sem-ppc-paketleri\/","schema":{"@context":"https:\/\/schema.org","@graph":[{"@type":"WebPage","@id":"https:\/\/nmdigitalteam.com\/az\/product\/sem-ppc-paketleri\/","url":"https:\/\/nmdigitalteam.com\/az\/product\/sem-ppc-paketleri\/","name":"NM Digital Team SEM (PPC) Xidm\u0259tl\u0259ri. \u00dcst S\u0259viyy\u0259 PPC Xidm\u0259ti","isPartOf":{"@id":"https:\/\/nmdigitalteam.com\/az\/#website"},"primaryImageOfPage":{"@id":"https:\/\/nmdigitalteam.com\/az\/product\/sem-ppc-paketleri\/#primaryimage"},"image":{"@id":"https:\/\/nmdigitalteam.com\/az\/product\/sem-ppc-paketleri\/#primaryimage"},"thumbnailUrl":"https:\/\/nmdigitalteam.com\/wp-content\/uploads\/2021\/01\/professional-sem-ppc-xidmetleri-NM-Digital-Team.jpg","datePublished":"2021-01-16T15:52:53+00:00","dateModified":"2022-01-20T21:21:44+00:00","description":"NM Digital Team sizl\u0259r\u0259 y\u00fcks\u0259k s\u0259viyy\u0259d\u0259 SEM (PPC) xidm\u0259ti t\u0259klif edir. M\u00fck\u0259mm\u0259l bir PPC strategiyas\u0131 il\u0259 sat\u0131\u015flar\u0131n\u0131z\u0131 y\u00fcks\u0259ldin.","breadcrumb":{"@id":"https:\/\/nmdigitalteam.com\/az\/product\/sem-ppc-paketleri\/#breadcrumb"},"inLanguage":"az","potentialAction":[{"@type":"ReadAction","target":["https:\/\/nmdigitalteam.com\/az\/product\/sem-ppc-paketleri\/"]}]},{"@type":"ImageObject","inLanguage":"az","@id":"https:\/\/nmdigitalteam.com\/az\/product\/sem-ppc-paketleri\/#primaryimage","url":"https:\/\/nmdigitalteam.com\/wp-content\/uploads\/2021\/01\/professional-sem-ppc-xidmetleri-NM-Digital-Team.jpg","contentUrl":"https:\/\/nmdigitalteam.com\/wp-content\/uploads\/2021\/01\/professional-sem-ppc-xidmetleri-NM-Digital-Team.jpg","width":626,"height":402},{"@type":"BreadcrumbList","@id":"https:\/\/nmdigitalteam.com\/az\/product\/sem-ppc-paketleri\/#breadcrumb","itemListElement":[{"@type":"ListItem","position":1,"name":"Home","item":"https:\/\/nmdigitalteam.com\/az\/"},{"@type":"ListItem","position":2,"name":"Shop","item":"https:\/\/nmdigitalteam.com\/az\/shop\/"},{"@type":"ListItem","position":3,"name":"SEM\/PPC Paketl\u0259ri"}]},{"@type":"WebSite","@id":"https:\/\/nmdigitalteam.com\/az\/#website","url":"https:\/\/nmdigitalteam.com\/az\/","name":"","description":"","publisher":{"@id":"https:\/\/nmdigitalteam.com\/az\/#organization"},"potentialAction":[{"@type":"SearchAction","target":{"@type":"EntryPoint","urlTemplate":"https:\/\/nmdigitalteam.com\/az\/?s={search_term_string}"},"query-input":{"@type":"PropertyValueSpecification","valueRequired":true,"valueName":"search_term_string"}}],"inLanguage":"az"},{"@type":"Organization","@id":"https:\/\/nmdigitalteam.com\/az\/#organization","name":"NM Digital Team","url":"https:\/\/nmdigitalteam.com\/az\/","logo":{"@type":"ImageObject","inLanguage":"az","@id":"https:\/\/nmdigitalteam.com\/az\/#\/schema\/logo\/image\/","url":"https:\/\/nmdigitalteam.com\/wp-content\/uploads\/2020\/07\/NM-DIGITAL-TEAM-Reqemsal-Marketing-Xidmetleri-Baku-e1600283694568.png","contentUrl":"https:\/\/nmdigitalteam.com\/wp-content\/uploads\/2020\/07\/NM-DIGITAL-TEAM-Reqemsal-Marketing-Xidmetleri-Baku-e1600283694568.png","width":128,"height":128,"caption":"NM Digital Team"},"image":{"@id":"https:\/\/nmdigitalteam.com\/az\/#\/schema\/logo\/image\/"},"sameAs":["https:\/\/www.facebook.com\/NMdigitalteam","https:\/\/x.com\/nmdigitalteam","https:\/\/www.instagram.com\/nmdigitalteam\/","https:\/\/www.linkedin.com\/company\/nm-digital-team","https:\/\/www.pinterest.com\/nmdigitalteam\/"]}]}},"_links":{"self":[{"href":"https:\/\/nmdigitalteam.com\/az\/wp-json\/wp\/v2\/product\/3122","targetHints":{"allow":["GET"]}}],"collection":[{"href":"https:\/\/nmdigitalteam.com\/az\/wp-json\/wp\/v2\/product"}],"about":[{"href":"https:\/\/nmdigitalteam.com\/az\/wp-json\/wp\/v2\/types\/product"}],"wp:featuredmedia":[{"embeddable":true,"href":"https:\/\/nmdigitalteam.com\/az\/wp-json\/wp\/v2\/media\/3128"}],"wp:attachment":[{"href":"https:\/\/nmdigitalteam.com\/az\/wp-json\/wp\/v2\/media?parent=3122"}],"wp:term":[{"taxonomy":"product_brand","embeddable":true,"href":"https:\/\/nmdigitalteam.com\/az\/wp-json\/wp\/v2\/product_brand?post=3122"},{"taxonomy":"product_cat","embeddable":true,"href":"https:\/\/nmdigitalteam.com\/az\/wp-json\/wp\/v2\/product_cat?post=3122"},{"taxonomy":"product_tag","embeddable":true,"href":"https:\/\/nmdigitalteam.com\/az\/wp-json\/wp\/v2\/product_tag?post=3122"}],"curies":[{"name":"wp","href":"https:\/\/api.w.org\/{rel}","templated":true}]}}