{"id":3846,"date":"2021-02-22T20:18:27","date_gmt":"2021-02-22T20:18:27","guid":{"rendered":"https:\/\/nmdigitalteam.com\/?post_type=product&#038;p=3846"},"modified":"2021-02-22T20:24:31","modified_gmt":"2021-02-22T20:24:31","slug":"ntlr-acilis-xidm%c9%99ti","status":"publish","type":"product","link":"https:\/\/nmdigitalteam.com\/az\/product\/ntlr-acilis-xidm%c9%99ti\/","title":{"rendered":"Ntlr A\u00e7\u0131l\u0131\u015f Xidm\u0259ti"},"content":{"rendered":"","protected":false},"excerpt":{"rendered":"","protected":false},"featured_media":3847,"template":"","meta":[],"product_brand":[],"product_cat":[143],"product_tag":[],"class_list":{"0":"post-3846","1":"product","2":"type-product","3":"status-publish","4":"has-post-thumbnail","6":"product_cat-finance","8":"first","9":"instock","10":"virtual","11":"purchasable","12":"product-type-simple"},"yoast_head":"<!-- This site is optimized with the Yoast SEO plugin v27.3 - https:\/\/yoast.com\/product\/yoast-seo-wordpress\/ -->\n<title>Az\u0259rbaycanda Online Pul K\u00f6\u00e7\u00fcrm\u0259 Sistemi Neteller Hesab\u0131 \u018fld\u0259 Et!<\/title>\n<meta name=\"description\" content=\"Sizl\u0259r\u0259 Neteller a\u00e7\u0131l\u0131\u015f xidm\u0259timizi t\u0259klif edirik. Ad\u0131n\u0131za tam t\u0259sdiqli Neteller hesab\u0131 a\u00e7\u0131r\u0131q. Neteller il\u0259 rahatl\u0131qla pul q\u0259bul et.\" \/>\n<meta name=\"robots\" content=\"index, follow, max-snippet:-1, max-image-preview:large, max-video-preview:-1\" \/>\n<link rel=\"canonical\" href=\"https:\/\/nmdigitalteam.com\/az\/product\/ntlr-acilis-xidm%c9%99ti\/\" \/>\n<script type=\"application\/ld+json\" class=\"yoast-schema-graph\">{\"@context\":\"https:\\\/\\\/schema.org\",\"@graph\":[{\"@type\":\"WebPage\",\"@id\":\"https:\\\/\\\/nmdigitalteam.com\\\/az\\\/product\\\/ntlr-acilis-xidm%c9%99ti\\\/\",\"url\":\"https:\\\/\\\/nmdigitalteam.com\\\/az\\\/product\\\/ntlr-acilis-xidm%c9%99ti\\\/\",\"name\":\"Az\u0259rbaycanda Online Pul K\u00f6\u00e7\u00fcrm\u0259 Sistemi Neteller Hesab\u0131 \u018fld\u0259 Et!\",\"isPartOf\":{\"@id\":\"https:\\\/\\\/nmdigitalteam.com\\\/az\\\/#website\"},\"primaryImageOfPage\":{\"@id\":\"https:\\\/\\\/nmdigitalteam.com\\\/az\\\/product\\\/ntlr-acilis-xidm%c9%99ti\\\/#primaryimage\"},\"image\":{\"@id\":\"https:\\\/\\\/nmdigitalteam.com\\\/az\\\/product\\\/ntlr-acilis-xidm%c9%99ti\\\/#primaryimage\"},\"thumbnailUrl\":\"https:\\\/\\\/nmdigitalteam.com\\\/wp-content\\\/uploads\\\/2021\\\/02\\\/neteller-acilis-xidmeti.png\",\"datePublished\":\"2021-02-22T20:18:27+00:00\",\"dateModified\":\"2021-02-22T20:24:31+00:00\",\"description\":\"Sizl\u0259r\u0259 Neteller a\u00e7\u0131l\u0131\u015f xidm\u0259timizi t\u0259klif edirik. Ad\u0131n\u0131za tam t\u0259sdiqli Neteller hesab\u0131 a\u00e7\u0131r\u0131q. Neteller il\u0259 rahatl\u0131qla pul q\u0259bul et.\",\"breadcrumb\":{\"@id\":\"https:\\\/\\\/nmdigitalteam.com\\\/az\\\/product\\\/ntlr-acilis-xidm%c9%99ti\\\/#breadcrumb\"},\"inLanguage\":\"az\",\"potentialAction\":[{\"@type\":\"ReadAction\",\"target\":[\"https:\\\/\\\/nmdigitalteam.com\\\/az\\\/product\\\/ntlr-acilis-xidm%c9%99ti\\\/\"]}]},{\"@type\":\"ImageObject\",\"inLanguage\":\"az\",\"@id\":\"https:\\\/\\\/nmdigitalteam.com\\\/az\\\/product\\\/ntlr-acilis-xidm%c9%99ti\\\/#primaryimage\",\"url\":\"https:\\\/\\\/nmdigitalteam.com\\\/wp-content\\\/uploads\\\/2021\\\/02\\\/neteller-acilis-xidmeti.png\",\"contentUrl\":\"https:\\\/\\\/nmdigitalteam.com\\\/wp-content\\\/uploads\\\/2021\\\/02\\\/neteller-acilis-xidmeti.png\",\"width\":512,\"height\":512},{\"@type\":\"BreadcrumbList\",\"@id\":\"https:\\\/\\\/nmdigitalteam.com\\\/az\\\/product\\\/ntlr-acilis-xidm%c9%99ti\\\/#breadcrumb\",\"itemListElement\":[{\"@type\":\"ListItem\",\"position\":1,\"name\":\"Home\",\"item\":\"https:\\\/\\\/nmdigitalteam.com\\\/az\\\/\"},{\"@type\":\"ListItem\",\"position\":2,\"name\":\"Shop\",\"item\":\"https:\\\/\\\/nmdigitalteam.com\\\/az\\\/shop\\\/\"},{\"@type\":\"ListItem\",\"position\":3,\"name\":\"Ntlr A\u00e7\u0131l\u0131\u015f Xidm\u0259ti\"}]},{\"@type\":\"WebSite\",\"@id\":\"https:\\\/\\\/nmdigitalteam.com\\\/az\\\/#website\",\"url\":\"https:\\\/\\\/nmdigitalteam.com\\\/az\\\/\",\"name\":\"\",\"description\":\"\",\"publisher\":{\"@id\":\"https:\\\/\\\/nmdigitalteam.com\\\/az\\\/#organization\"},\"potentialAction\":[{\"@type\":\"SearchAction\",\"target\":{\"@type\":\"EntryPoint\",\"urlTemplate\":\"https:\\\/\\\/nmdigitalteam.com\\\/az\\\/?s={search_term_string}\"},\"query-input\":{\"@type\":\"PropertyValueSpecification\",\"valueRequired\":true,\"valueName\":\"search_term_string\"}}],\"inLanguage\":\"az\"},{\"@type\":\"Organization\",\"@id\":\"https:\\\/\\\/nmdigitalteam.com\\\/az\\\/#organization\",\"name\":\"NM Digital Team\",\"url\":\"https:\\\/\\\/nmdigitalteam.com\\\/az\\\/\",\"logo\":{\"@type\":\"ImageObject\",\"inLanguage\":\"az\",\"@id\":\"https:\\\/\\\/nmdigitalteam.com\\\/az\\\/#\\\/schema\\\/logo\\\/image\\\/\",\"url\":\"https:\\\/\\\/nmdigitalteam.com\\\/wp-content\\\/uploads\\\/2020\\\/07\\\/NM-DIGITAL-TEAM-Reqemsal-Marketing-Xidmetleri-Baku-e1600283694568.png\",\"contentUrl\":\"https:\\\/\\\/nmdigitalteam.com\\\/wp-content\\\/uploads\\\/2020\\\/07\\\/NM-DIGITAL-TEAM-Reqemsal-Marketing-Xidmetleri-Baku-e1600283694568.png\",\"width\":128,\"height\":128,\"caption\":\"NM Digital Team\"},\"image\":{\"@id\":\"https:\\\/\\\/nmdigitalteam.com\\\/az\\\/#\\\/schema\\\/logo\\\/image\\\/\"},\"sameAs\":[\"https:\\\/\\\/www.facebook.com\\\/NMdigitalteam\",\"https:\\\/\\\/x.com\\\/nmdigitalteam\",\"https:\\\/\\\/www.instagram.com\\\/nmdigitalteam\\\/\",\"https:\\\/\\\/www.linkedin.com\\\/company\\\/nm-digital-team\",\"https:\\\/\\\/www.pinterest.com\\\/nmdigitalteam\\\/\"]}]}<\/script>\n<!-- \/ Yoast SEO plugin. -->","yoast_head_json":{"title":"Az\u0259rbaycanda Online Pul K\u00f6\u00e7\u00fcrm\u0259 Sistemi Neteller Hesab\u0131 \u018fld\u0259 Et!","description":"Sizl\u0259r\u0259 Neteller a\u00e7\u0131l\u0131\u015f xidm\u0259timizi t\u0259klif edirik. Ad\u0131n\u0131za tam t\u0259sdiqli Neteller hesab\u0131 a\u00e7\u0131r\u0131q. Neteller il\u0259 rahatl\u0131qla pul q\u0259bul et.","robots":{"index":"index","follow":"follow","max-snippet":"max-snippet:-1","max-image-preview":"max-image-preview:large","max-video-preview":"max-video-preview:-1"},"canonical":"https:\/\/nmdigitalteam.com\/az\/product\/ntlr-acilis-xidm%c9%99ti\/","schema":{"@context":"https:\/\/schema.org","@graph":[{"@type":"WebPage","@id":"https:\/\/nmdigitalteam.com\/az\/product\/ntlr-acilis-xidm%c9%99ti\/","url":"https:\/\/nmdigitalteam.com\/az\/product\/ntlr-acilis-xidm%c9%99ti\/","name":"Az\u0259rbaycanda Online Pul K\u00f6\u00e7\u00fcrm\u0259 Sistemi Neteller Hesab\u0131 \u018fld\u0259 Et!","isPartOf":{"@id":"https:\/\/nmdigitalteam.com\/az\/#website"},"primaryImageOfPage":{"@id":"https:\/\/nmdigitalteam.com\/az\/product\/ntlr-acilis-xidm%c9%99ti\/#primaryimage"},"image":{"@id":"https:\/\/nmdigitalteam.com\/az\/product\/ntlr-acilis-xidm%c9%99ti\/#primaryimage"},"thumbnailUrl":"https:\/\/nmdigitalteam.com\/wp-content\/uploads\/2021\/02\/neteller-acilis-xidmeti.png","datePublished":"2021-02-22T20:18:27+00:00","dateModified":"2021-02-22T20:24:31+00:00","description":"Sizl\u0259r\u0259 Neteller a\u00e7\u0131l\u0131\u015f xidm\u0259timizi t\u0259klif edirik. Ad\u0131n\u0131za tam t\u0259sdiqli Neteller hesab\u0131 a\u00e7\u0131r\u0131q. Neteller il\u0259 rahatl\u0131qla pul q\u0259bul et.","breadcrumb":{"@id":"https:\/\/nmdigitalteam.com\/az\/product\/ntlr-acilis-xidm%c9%99ti\/#breadcrumb"},"inLanguage":"az","potentialAction":[{"@type":"ReadAction","target":["https:\/\/nmdigitalteam.com\/az\/product\/ntlr-acilis-xidm%c9%99ti\/"]}]},{"@type":"ImageObject","inLanguage":"az","@id":"https:\/\/nmdigitalteam.com\/az\/product\/ntlr-acilis-xidm%c9%99ti\/#primaryimage","url":"https:\/\/nmdigitalteam.com\/wp-content\/uploads\/2021\/02\/neteller-acilis-xidmeti.png","contentUrl":"https:\/\/nmdigitalteam.com\/wp-content\/uploads\/2021\/02\/neteller-acilis-xidmeti.png","width":512,"height":512},{"@type":"BreadcrumbList","@id":"https:\/\/nmdigitalteam.com\/az\/product\/ntlr-acilis-xidm%c9%99ti\/#breadcrumb","itemListElement":[{"@type":"ListItem","position":1,"name":"Home","item":"https:\/\/nmdigitalteam.com\/az\/"},{"@type":"ListItem","position":2,"name":"Shop","item":"https:\/\/nmdigitalteam.com\/az\/shop\/"},{"@type":"ListItem","position":3,"name":"Ntlr A\u00e7\u0131l\u0131\u015f Xidm\u0259ti"}]},{"@type":"WebSite","@id":"https:\/\/nmdigitalteam.com\/az\/#website","url":"https:\/\/nmdigitalteam.com\/az\/","name":"","description":"","publisher":{"@id":"https:\/\/nmdigitalteam.com\/az\/#organization"},"potentialAction":[{"@type":"SearchAction","target":{"@type":"EntryPoint","urlTemplate":"https:\/\/nmdigitalteam.com\/az\/?s={search_term_string}"},"query-input":{"@type":"PropertyValueSpecification","valueRequired":true,"valueName":"search_term_string"}}],"inLanguage":"az"},{"@type":"Organization","@id":"https:\/\/nmdigitalteam.com\/az\/#organization","name":"NM Digital Team","url":"https:\/\/nmdigitalteam.com\/az\/","logo":{"@type":"ImageObject","inLanguage":"az","@id":"https:\/\/nmdigitalteam.com\/az\/#\/schema\/logo\/image\/","url":"https:\/\/nmdigitalteam.com\/wp-content\/uploads\/2020\/07\/NM-DIGITAL-TEAM-Reqemsal-Marketing-Xidmetleri-Baku-e1600283694568.png","contentUrl":"https:\/\/nmdigitalteam.com\/wp-content\/uploads\/2020\/07\/NM-DIGITAL-TEAM-Reqemsal-Marketing-Xidmetleri-Baku-e1600283694568.png","width":128,"height":128,"caption":"NM Digital Team"},"image":{"@id":"https:\/\/nmdigitalteam.com\/az\/#\/schema\/logo\/image\/"},"sameAs":["https:\/\/www.facebook.com\/NMdigitalteam","https:\/\/x.com\/nmdigitalteam","https:\/\/www.instagram.com\/nmdigitalteam\/","https:\/\/www.linkedin.com\/company\/nm-digital-team","https:\/\/www.pinterest.com\/nmdigitalteam\/"]}]}},"_links":{"self":[{"href":"https:\/\/nmdigitalteam.com\/az\/wp-json\/wp\/v2\/product\/3846","targetHints":{"allow":["GET"]}}],"collection":[{"href":"https:\/\/nmdigitalteam.com\/az\/wp-json\/wp\/v2\/product"}],"about":[{"href":"https:\/\/nmdigitalteam.com\/az\/wp-json\/wp\/v2\/types\/product"}],"wp:featuredmedia":[{"embeddable":true,"href":"https:\/\/nmdigitalteam.com\/az\/wp-json\/wp\/v2\/media\/3847"}],"wp:attachment":[{"href":"https:\/\/nmdigitalteam.com\/az\/wp-json\/wp\/v2\/media?parent=3846"}],"wp:term":[{"taxonomy":"product_brand","embeddable":true,"href":"https:\/\/nmdigitalteam.com\/az\/wp-json\/wp\/v2\/product_brand?post=3846"},{"taxonomy":"product_cat","embeddable":true,"href":"https:\/\/nmdigitalteam.com\/az\/wp-json\/wp\/v2\/product_cat?post=3846"},{"taxonomy":"product_tag","embeddable":true,"href":"https:\/\/nmdigitalteam.com\/az\/wp-json\/wp\/v2\/product_tag?post=3846"}],"curies":[{"name":"wp","href":"https:\/\/api.w.org\/{rel}","templated":true}]}}