{"id":9167,"date":"2022-01-21T20:39:26","date_gmt":"2022-01-21T20:39:26","guid":{"rendered":"https:\/\/nmdigitalteam.com\/product\/ecommerce-accounts-reinstatement\/"},"modified":"2022-01-21T21:02:21","modified_gmt":"2022-01-21T21:02:21","slug":"e-ticaret-hesablarinin-berpasi","status":"publish","type":"product","link":"https:\/\/nmdigitalteam.com\/az\/product\/e-ticaret-hesablarinin-berpasi\/","title":{"rendered":"E-Ticar\u0259t Hesablar\u0131n\u0131n B\u0259rpas\u0131"},"content":{"rendered":"","protected":false},"excerpt":{"rendered":"","protected":false},"featured_media":9160,"template":"","meta":[],"product_brand":[],"product_cat":[177],"product_tag":[],"class_list":{"0":"post-9167","1":"product","2":"type-product","3":"status-publish","4":"has-post-thumbnail","6":"product_cat-ecommerce-az","8":"first","9":"instock","10":"shipping-taxable","11":"purchasable","12":"product-type-variable"},"yoast_head":"<!-- This site is optimized with the Yoast SEO plugin v27.3 - https:\/\/yoast.com\/product\/yoast-seo-wordpress\/ -->\n<title>Elektron Ticar\u0259t Hesablar\u0131n\u0131n B\u0259rpas\u0131 | Dayand\u0131r\u0131lm\u0131\u015f Hesab H\u0259ll\u0259ri<\/title>\n<meta name=\"description\" content=\"Bloklanm\u0131\u015f E-ticar\u0259t Hesablar\u0131 H\u0259ll\u0259ri | Amazon, Etsy, Ebay, Walmart, Shopify hesablar\u0131n\u0131 aktivl\u0259\u015fdirm\u0259k \u00fc\u00e7\u00fcn biz\u0259 yaz\u0131n!\" \/>\n<meta name=\"robots\" content=\"index, follow, max-snippet:-1, max-image-preview:large, max-video-preview:-1\" \/>\n<link rel=\"canonical\" href=\"https:\/\/nmdigitalteam.com\/az\/product\/e-ticaret-hesablarinin-berpasi\/\" \/>\n<script type=\"application\/ld+json\" class=\"yoast-schema-graph\">{\"@context\":\"https:\\\/\\\/schema.org\",\"@graph\":[{\"@type\":\"WebPage\",\"@id\":\"https:\\\/\\\/nmdigitalteam.com\\\/az\\\/product\\\/e-ticaret-hesablarinin-berpasi\\\/\",\"url\":\"https:\\\/\\\/nmdigitalteam.com\\\/az\\\/product\\\/e-ticaret-hesablarinin-berpasi\\\/\",\"name\":\"Elektron Ticar\u0259t Hesablar\u0131n\u0131n B\u0259rpas\u0131 | Dayand\u0131r\u0131lm\u0131\u015f Hesab H\u0259ll\u0259ri\",\"isPartOf\":{\"@id\":\"https:\\\/\\\/nmdigitalteam.com\\\/az\\\/#website\"},\"primaryImageOfPage\":{\"@id\":\"https:\\\/\\\/nmdigitalteam.com\\\/az\\\/product\\\/e-ticaret-hesablarinin-berpasi\\\/#primaryimage\"},\"image\":{\"@id\":\"https:\\\/\\\/nmdigitalteam.com\\\/az\\\/product\\\/e-ticaret-hesablarinin-berpasi\\\/#primaryimage\"},\"thumbnailUrl\":\"https:\\\/\\\/nmdigitalteam.com\\\/wp-content\\\/uploads\\\/2022\\\/01\\\/NM-DIGITAL-TEAM-ECOMMERCE-ACCOUNT-AMAZON-EBAY-ETSY-WALMART-SHOPIFY-SUSPEND-SOLUTIONS.png\",\"datePublished\":\"2022-01-21T20:39:26+00:00\",\"dateModified\":\"2022-01-21T21:02:21+00:00\",\"description\":\"Bloklanm\u0131\u015f E-ticar\u0259t Hesablar\u0131 H\u0259ll\u0259ri | Amazon, Etsy, Ebay, Walmart, Shopify hesablar\u0131n\u0131 aktivl\u0259\u015fdirm\u0259k \u00fc\u00e7\u00fcn biz\u0259 yaz\u0131n!\",\"breadcrumb\":{\"@id\":\"https:\\\/\\\/nmdigitalteam.com\\\/az\\\/product\\\/e-ticaret-hesablarinin-berpasi\\\/#breadcrumb\"},\"inLanguage\":\"az\",\"potentialAction\":[{\"@type\":\"ReadAction\",\"target\":[\"https:\\\/\\\/nmdigitalteam.com\\\/az\\\/product\\\/e-ticaret-hesablarinin-berpasi\\\/\"]}]},{\"@type\":\"ImageObject\",\"inLanguage\":\"az\",\"@id\":\"https:\\\/\\\/nmdigitalteam.com\\\/az\\\/product\\\/e-ticaret-hesablarinin-berpasi\\\/#primaryimage\",\"url\":\"https:\\\/\\\/nmdigitalteam.com\\\/wp-content\\\/uploads\\\/2022\\\/01\\\/NM-DIGITAL-TEAM-ECOMMERCE-ACCOUNT-AMAZON-EBAY-ETSY-WALMART-SHOPIFY-SUSPEND-SOLUTIONS.png\",\"contentUrl\":\"https:\\\/\\\/nmdigitalteam.com\\\/wp-content\\\/uploads\\\/2022\\\/01\\\/NM-DIGITAL-TEAM-ECOMMERCE-ACCOUNT-AMAZON-EBAY-ETSY-WALMART-SHOPIFY-SUSPEND-SOLUTIONS.png\",\"width\":1280,\"height\":720},{\"@type\":\"BreadcrumbList\",\"@id\":\"https:\\\/\\\/nmdigitalteam.com\\\/az\\\/product\\\/e-ticaret-hesablarinin-berpasi\\\/#breadcrumb\",\"itemListElement\":[{\"@type\":\"ListItem\",\"position\":1,\"name\":\"Home\",\"item\":\"https:\\\/\\\/nmdigitalteam.com\\\/az\\\/\"},{\"@type\":\"ListItem\",\"position\":2,\"name\":\"Shop\",\"item\":\"https:\\\/\\\/nmdigitalteam.com\\\/az\\\/shop\\\/\"},{\"@type\":\"ListItem\",\"position\":3,\"name\":\"E-Ticar\u0259t Hesablar\u0131n\u0131n B\u0259rpas\u0131\"}]},{\"@type\":\"WebSite\",\"@id\":\"https:\\\/\\\/nmdigitalteam.com\\\/az\\\/#website\",\"url\":\"https:\\\/\\\/nmdigitalteam.com\\\/az\\\/\",\"name\":\"\",\"description\":\"\",\"publisher\":{\"@id\":\"https:\\\/\\\/nmdigitalteam.com\\\/az\\\/#organization\"},\"potentialAction\":[{\"@type\":\"SearchAction\",\"target\":{\"@type\":\"EntryPoint\",\"urlTemplate\":\"https:\\\/\\\/nmdigitalteam.com\\\/az\\\/?s={search_term_string}\"},\"query-input\":{\"@type\":\"PropertyValueSpecification\",\"valueRequired\":true,\"valueName\":\"search_term_string\"}}],\"inLanguage\":\"az\"},{\"@type\":\"Organization\",\"@id\":\"https:\\\/\\\/nmdigitalteam.com\\\/az\\\/#organization\",\"name\":\"NM Digital Team\",\"url\":\"https:\\\/\\\/nmdigitalteam.com\\\/az\\\/\",\"logo\":{\"@type\":\"ImageObject\",\"inLanguage\":\"az\",\"@id\":\"https:\\\/\\\/nmdigitalteam.com\\\/az\\\/#\\\/schema\\\/logo\\\/image\\\/\",\"url\":\"https:\\\/\\\/nmdigitalteam.com\\\/wp-content\\\/uploads\\\/2020\\\/07\\\/NM-DIGITAL-TEAM-Reqemsal-Marketing-Xidmetleri-Baku-e1600283694568.png\",\"contentUrl\":\"https:\\\/\\\/nmdigitalteam.com\\\/wp-content\\\/uploads\\\/2020\\\/07\\\/NM-DIGITAL-TEAM-Reqemsal-Marketing-Xidmetleri-Baku-e1600283694568.png\",\"width\":128,\"height\":128,\"caption\":\"NM Digital Team\"},\"image\":{\"@id\":\"https:\\\/\\\/nmdigitalteam.com\\\/az\\\/#\\\/schema\\\/logo\\\/image\\\/\"},\"sameAs\":[\"https:\\\/\\\/www.facebook.com\\\/NMdigitalteam\",\"https:\\\/\\\/x.com\\\/nmdigitalteam\",\"https:\\\/\\\/www.instagram.com\\\/nmdigitalteam\\\/\",\"https:\\\/\\\/www.linkedin.com\\\/company\\\/nm-digital-team\",\"https:\\\/\\\/www.pinterest.com\\\/nmdigitalteam\\\/\"]}]}<\/script>\n<!-- \/ Yoast SEO plugin. -->","yoast_head_json":{"title":"Elektron Ticar\u0259t Hesablar\u0131n\u0131n B\u0259rpas\u0131 | Dayand\u0131r\u0131lm\u0131\u015f Hesab H\u0259ll\u0259ri","description":"Bloklanm\u0131\u015f E-ticar\u0259t Hesablar\u0131 H\u0259ll\u0259ri | Amazon, Etsy, Ebay, Walmart, Shopify hesablar\u0131n\u0131 aktivl\u0259\u015fdirm\u0259k \u00fc\u00e7\u00fcn biz\u0259 yaz\u0131n!","robots":{"index":"index","follow":"follow","max-snippet":"max-snippet:-1","max-image-preview":"max-image-preview:large","max-video-preview":"max-video-preview:-1"},"canonical":"https:\/\/nmdigitalteam.com\/az\/product\/e-ticaret-hesablarinin-berpasi\/","schema":{"@context":"https:\/\/schema.org","@graph":[{"@type":"WebPage","@id":"https:\/\/nmdigitalteam.com\/az\/product\/e-ticaret-hesablarinin-berpasi\/","url":"https:\/\/nmdigitalteam.com\/az\/product\/e-ticaret-hesablarinin-berpasi\/","name":"Elektron Ticar\u0259t Hesablar\u0131n\u0131n B\u0259rpas\u0131 | Dayand\u0131r\u0131lm\u0131\u015f Hesab H\u0259ll\u0259ri","isPartOf":{"@id":"https:\/\/nmdigitalteam.com\/az\/#website"},"primaryImageOfPage":{"@id":"https:\/\/nmdigitalteam.com\/az\/product\/e-ticaret-hesablarinin-berpasi\/#primaryimage"},"image":{"@id":"https:\/\/nmdigitalteam.com\/az\/product\/e-ticaret-hesablarinin-berpasi\/#primaryimage"},"thumbnailUrl":"https:\/\/nmdigitalteam.com\/wp-content\/uploads\/2022\/01\/NM-DIGITAL-TEAM-ECOMMERCE-ACCOUNT-AMAZON-EBAY-ETSY-WALMART-SHOPIFY-SUSPEND-SOLUTIONS.png","datePublished":"2022-01-21T20:39:26+00:00","dateModified":"2022-01-21T21:02:21+00:00","description":"Bloklanm\u0131\u015f E-ticar\u0259t Hesablar\u0131 H\u0259ll\u0259ri | Amazon, Etsy, Ebay, Walmart, Shopify hesablar\u0131n\u0131 aktivl\u0259\u015fdirm\u0259k \u00fc\u00e7\u00fcn biz\u0259 yaz\u0131n!","breadcrumb":{"@id":"https:\/\/nmdigitalteam.com\/az\/product\/e-ticaret-hesablarinin-berpasi\/#breadcrumb"},"inLanguage":"az","potentialAction":[{"@type":"ReadAction","target":["https:\/\/nmdigitalteam.com\/az\/product\/e-ticaret-hesablarinin-berpasi\/"]}]},{"@type":"ImageObject","inLanguage":"az","@id":"https:\/\/nmdigitalteam.com\/az\/product\/e-ticaret-hesablarinin-berpasi\/#primaryimage","url":"https:\/\/nmdigitalteam.com\/wp-content\/uploads\/2022\/01\/NM-DIGITAL-TEAM-ECOMMERCE-ACCOUNT-AMAZON-EBAY-ETSY-WALMART-SHOPIFY-SUSPEND-SOLUTIONS.png","contentUrl":"https:\/\/nmdigitalteam.com\/wp-content\/uploads\/2022\/01\/NM-DIGITAL-TEAM-ECOMMERCE-ACCOUNT-AMAZON-EBAY-ETSY-WALMART-SHOPIFY-SUSPEND-SOLUTIONS.png","width":1280,"height":720},{"@type":"BreadcrumbList","@id":"https:\/\/nmdigitalteam.com\/az\/product\/e-ticaret-hesablarinin-berpasi\/#breadcrumb","itemListElement":[{"@type":"ListItem","position":1,"name":"Home","item":"https:\/\/nmdigitalteam.com\/az\/"},{"@type":"ListItem","position":2,"name":"Shop","item":"https:\/\/nmdigitalteam.com\/az\/shop\/"},{"@type":"ListItem","position":3,"name":"E-Ticar\u0259t Hesablar\u0131n\u0131n B\u0259rpas\u0131"}]},{"@type":"WebSite","@id":"https:\/\/nmdigitalteam.com\/az\/#website","url":"https:\/\/nmdigitalteam.com\/az\/","name":"","description":"","publisher":{"@id":"https:\/\/nmdigitalteam.com\/az\/#organization"},"potentialAction":[{"@type":"SearchAction","target":{"@type":"EntryPoint","urlTemplate":"https:\/\/nmdigitalteam.com\/az\/?s={search_term_string}"},"query-input":{"@type":"PropertyValueSpecification","valueRequired":true,"valueName":"search_term_string"}}],"inLanguage":"az"},{"@type":"Organization","@id":"https:\/\/nmdigitalteam.com\/az\/#organization","name":"NM Digital Team","url":"https:\/\/nmdigitalteam.com\/az\/","logo":{"@type":"ImageObject","inLanguage":"az","@id":"https:\/\/nmdigitalteam.com\/az\/#\/schema\/logo\/image\/","url":"https:\/\/nmdigitalteam.com\/wp-content\/uploads\/2020\/07\/NM-DIGITAL-TEAM-Reqemsal-Marketing-Xidmetleri-Baku-e1600283694568.png","contentUrl":"https:\/\/nmdigitalteam.com\/wp-content\/uploads\/2020\/07\/NM-DIGITAL-TEAM-Reqemsal-Marketing-Xidmetleri-Baku-e1600283694568.png","width":128,"height":128,"caption":"NM Digital Team"},"image":{"@id":"https:\/\/nmdigitalteam.com\/az\/#\/schema\/logo\/image\/"},"sameAs":["https:\/\/www.facebook.com\/NMdigitalteam","https:\/\/x.com\/nmdigitalteam","https:\/\/www.instagram.com\/nmdigitalteam\/","https:\/\/www.linkedin.com\/company\/nm-digital-team","https:\/\/www.pinterest.com\/nmdigitalteam\/"]}]}},"_links":{"self":[{"href":"https:\/\/nmdigitalteam.com\/az\/wp-json\/wp\/v2\/product\/9167","targetHints":{"allow":["GET"]}}],"collection":[{"href":"https:\/\/nmdigitalteam.com\/az\/wp-json\/wp\/v2\/product"}],"about":[{"href":"https:\/\/nmdigitalteam.com\/az\/wp-json\/wp\/v2\/types\/product"}],"wp:featuredmedia":[{"embeddable":true,"href":"https:\/\/nmdigitalteam.com\/az\/wp-json\/wp\/v2\/media\/9160"}],"wp:attachment":[{"href":"https:\/\/nmdigitalteam.com\/az\/wp-json\/wp\/v2\/media?parent=9167"}],"wp:term":[{"taxonomy":"product_brand","embeddable":true,"href":"https:\/\/nmdigitalteam.com\/az\/wp-json\/wp\/v2\/product_brand?post=9167"},{"taxonomy":"product_cat","embeddable":true,"href":"https:\/\/nmdigitalteam.com\/az\/wp-json\/wp\/v2\/product_cat?post=9167"},{"taxonomy":"product_tag","embeddable":true,"href":"https:\/\/nmdigitalteam.com\/az\/wp-json\/wp\/v2\/product_tag?post=9167"}],"curies":[{"name":"wp","href":"https:\/\/api.w.org\/{rel}","templated":true}]}}