{"id":9329,"date":"2022-01-25T13:00:24","date_gmt":"2022-01-25T13:00:24","guid":{"rendered":"https:\/\/nmdigitalteam.com\/product\/competitor-and-product-analyzing\/"},"modified":"2022-01-25T17:50:11","modified_gmt":"2022-01-25T17:50:11","slug":"reqib-mehsul-arasdirmasi-ve-tehlili","status":"publish","type":"product","link":"https:\/\/nmdigitalteam.com\/az\/product\/reqib-mehsul-arasdirmasi-ve-tehlili\/","title":{"rendered":"R\u0259qib\/M\u0259hsul Ara\u015fd\u0131rmas\u0131 v\u0259 T\u0259hlili"},"content":{"rendered":"","protected":false},"excerpt":{"rendered":"","protected":false},"featured_media":9324,"template":"","meta":[],"product_brand":[],"product_cat":[144,177],"product_tag":[],"class_list":{"0":"post-9329","1":"product","2":"type-product","3":"status-publish","4":"has-post-thumbnail","6":"product_cat-digital-marketinq","7":"product_cat-ecommerce-az","9":"first","10":"instock","11":"shipping-taxable","12":"purchasable","13":"product-type-variable"},"yoast_head":"<!-- This site is optimized with the Yoast SEO plugin v27.3 - https:\/\/yoast.com\/product\/yoast-seo-wordpress\/ -->\n<title>E-Ticar\u0259t Biznesiniz \u00fc\u00e7\u00fcn R\u0259qib\/M\u0259hsul Ara\u015fd\u0131rmas\u0131 v\u0259 T\u0259hlili<\/title>\n<meta name=\"description\" content=\"NM Digital Team e-ticar\u0259t m\u0259hsullar\u0131n\u0131z\u0131 v\u0259 r\u0259qibl\u0259rinizi t\u0259hlil edir. Sahibkarlar v\u0259 dig\u0259r sah\u0259l\u0259r \u00fc\u00e7\u00fcn biznesin t\u0259hlili.\" \/>\n<meta name=\"robots\" content=\"index, follow, max-snippet:-1, max-image-preview:large, max-video-preview:-1\" \/>\n<link rel=\"canonical\" href=\"https:\/\/nmdigitalteam.com\/az\/product\/reqib-mehsul-arasdirmasi-ve-tehlili\/\" \/>\n<script type=\"application\/ld+json\" class=\"yoast-schema-graph\">{\"@context\":\"https:\\\/\\\/schema.org\",\"@graph\":[{\"@type\":\"WebPage\",\"@id\":\"https:\\\/\\\/nmdigitalteam.com\\\/az\\\/product\\\/reqib-mehsul-arasdirmasi-ve-tehlili\\\/\",\"url\":\"https:\\\/\\\/nmdigitalteam.com\\\/az\\\/product\\\/reqib-mehsul-arasdirmasi-ve-tehlili\\\/\",\"name\":\"E-Ticar\u0259t Biznesiniz \u00fc\u00e7\u00fcn R\u0259qib\\\/M\u0259hsul Ara\u015fd\u0131rmas\u0131 v\u0259 T\u0259hlili\",\"isPartOf\":{\"@id\":\"https:\\\/\\\/nmdigitalteam.com\\\/az\\\/#website\"},\"primaryImageOfPage\":{\"@id\":\"https:\\\/\\\/nmdigitalteam.com\\\/az\\\/product\\\/reqib-mehsul-arasdirmasi-ve-tehlili\\\/#primaryimage\"},\"image\":{\"@id\":\"https:\\\/\\\/nmdigitalteam.com\\\/az\\\/product\\\/reqib-mehsul-arasdirmasi-ve-tehlili\\\/#primaryimage\"},\"thumbnailUrl\":\"https:\\\/\\\/nmdigitalteam.com\\\/wp-content\\\/uploads\\\/2022\\\/01\\\/NM-Digital-Team-Product-Competitor-Business-Analyzing.jpg\",\"datePublished\":\"2022-01-25T13:00:24+00:00\",\"dateModified\":\"2022-01-25T17:50:11+00:00\",\"description\":\"NM Digital Team e-ticar\u0259t m\u0259hsullar\u0131n\u0131z\u0131 v\u0259 r\u0259qibl\u0259rinizi t\u0259hlil edir. Sahibkarlar v\u0259 dig\u0259r sah\u0259l\u0259r \u00fc\u00e7\u00fcn biznesin t\u0259hlili.\",\"breadcrumb\":{\"@id\":\"https:\\\/\\\/nmdigitalteam.com\\\/az\\\/product\\\/reqib-mehsul-arasdirmasi-ve-tehlili\\\/#breadcrumb\"},\"inLanguage\":\"az\",\"potentialAction\":[{\"@type\":\"ReadAction\",\"target\":[\"https:\\\/\\\/nmdigitalteam.com\\\/az\\\/product\\\/reqib-mehsul-arasdirmasi-ve-tehlili\\\/\"]}]},{\"@type\":\"ImageObject\",\"inLanguage\":\"az\",\"@id\":\"https:\\\/\\\/nmdigitalteam.com\\\/az\\\/product\\\/reqib-mehsul-arasdirmasi-ve-tehlili\\\/#primaryimage\",\"url\":\"https:\\\/\\\/nmdigitalteam.com\\\/wp-content\\\/uploads\\\/2022\\\/01\\\/NM-Digital-Team-Product-Competitor-Business-Analyzing.jpg\",\"contentUrl\":\"https:\\\/\\\/nmdigitalteam.com\\\/wp-content\\\/uploads\\\/2022\\\/01\\\/NM-Digital-Team-Product-Competitor-Business-Analyzing.jpg\",\"width\":640,\"height\":426},{\"@type\":\"BreadcrumbList\",\"@id\":\"https:\\\/\\\/nmdigitalteam.com\\\/az\\\/product\\\/reqib-mehsul-arasdirmasi-ve-tehlili\\\/#breadcrumb\",\"itemListElement\":[{\"@type\":\"ListItem\",\"position\":1,\"name\":\"Home\",\"item\":\"https:\\\/\\\/nmdigitalteam.com\\\/az\\\/\"},{\"@type\":\"ListItem\",\"position\":2,\"name\":\"Shop\",\"item\":\"https:\\\/\\\/nmdigitalteam.com\\\/az\\\/shop\\\/\"},{\"@type\":\"ListItem\",\"position\":3,\"name\":\"R\u0259qib\\\/M\u0259hsul Ara\u015fd\u0131rmas\u0131 v\u0259 T\u0259hlili\"}]},{\"@type\":\"WebSite\",\"@id\":\"https:\\\/\\\/nmdigitalteam.com\\\/az\\\/#website\",\"url\":\"https:\\\/\\\/nmdigitalteam.com\\\/az\\\/\",\"name\":\"\",\"description\":\"\",\"publisher\":{\"@id\":\"https:\\\/\\\/nmdigitalteam.com\\\/az\\\/#organization\"},\"potentialAction\":[{\"@type\":\"SearchAction\",\"target\":{\"@type\":\"EntryPoint\",\"urlTemplate\":\"https:\\\/\\\/nmdigitalteam.com\\\/az\\\/?s={search_term_string}\"},\"query-input\":{\"@type\":\"PropertyValueSpecification\",\"valueRequired\":true,\"valueName\":\"search_term_string\"}}],\"inLanguage\":\"az\"},{\"@type\":\"Organization\",\"@id\":\"https:\\\/\\\/nmdigitalteam.com\\\/az\\\/#organization\",\"name\":\"NM Digital Team\",\"url\":\"https:\\\/\\\/nmdigitalteam.com\\\/az\\\/\",\"logo\":{\"@type\":\"ImageObject\",\"inLanguage\":\"az\",\"@id\":\"https:\\\/\\\/nmdigitalteam.com\\\/az\\\/#\\\/schema\\\/logo\\\/image\\\/\",\"url\":\"https:\\\/\\\/nmdigitalteam.com\\\/wp-content\\\/uploads\\\/2020\\\/07\\\/NM-DIGITAL-TEAM-Reqemsal-Marketing-Xidmetleri-Baku-e1600283694568.png\",\"contentUrl\":\"https:\\\/\\\/nmdigitalteam.com\\\/wp-content\\\/uploads\\\/2020\\\/07\\\/NM-DIGITAL-TEAM-Reqemsal-Marketing-Xidmetleri-Baku-e1600283694568.png\",\"width\":128,\"height\":128,\"caption\":\"NM Digital Team\"},\"image\":{\"@id\":\"https:\\\/\\\/nmdigitalteam.com\\\/az\\\/#\\\/schema\\\/logo\\\/image\\\/\"},\"sameAs\":[\"https:\\\/\\\/www.facebook.com\\\/NMdigitalteam\",\"https:\\\/\\\/x.com\\\/nmdigitalteam\",\"https:\\\/\\\/www.instagram.com\\\/nmdigitalteam\\\/\",\"https:\\\/\\\/www.linkedin.com\\\/company\\\/nm-digital-team\",\"https:\\\/\\\/www.pinterest.com\\\/nmdigitalteam\\\/\"]}]}<\/script>\n<!-- \/ Yoast SEO plugin. -->","yoast_head_json":{"title":"E-Ticar\u0259t Biznesiniz \u00fc\u00e7\u00fcn R\u0259qib\/M\u0259hsul Ara\u015fd\u0131rmas\u0131 v\u0259 T\u0259hlili","description":"NM Digital Team e-ticar\u0259t m\u0259hsullar\u0131n\u0131z\u0131 v\u0259 r\u0259qibl\u0259rinizi t\u0259hlil edir. Sahibkarlar v\u0259 dig\u0259r sah\u0259l\u0259r \u00fc\u00e7\u00fcn biznesin t\u0259hlili.","robots":{"index":"index","follow":"follow","max-snippet":"max-snippet:-1","max-image-preview":"max-image-preview:large","max-video-preview":"max-video-preview:-1"},"canonical":"https:\/\/nmdigitalteam.com\/az\/product\/reqib-mehsul-arasdirmasi-ve-tehlili\/","schema":{"@context":"https:\/\/schema.org","@graph":[{"@type":"WebPage","@id":"https:\/\/nmdigitalteam.com\/az\/product\/reqib-mehsul-arasdirmasi-ve-tehlili\/","url":"https:\/\/nmdigitalteam.com\/az\/product\/reqib-mehsul-arasdirmasi-ve-tehlili\/","name":"E-Ticar\u0259t Biznesiniz \u00fc\u00e7\u00fcn R\u0259qib\/M\u0259hsul Ara\u015fd\u0131rmas\u0131 v\u0259 T\u0259hlili","isPartOf":{"@id":"https:\/\/nmdigitalteam.com\/az\/#website"},"primaryImageOfPage":{"@id":"https:\/\/nmdigitalteam.com\/az\/product\/reqib-mehsul-arasdirmasi-ve-tehlili\/#primaryimage"},"image":{"@id":"https:\/\/nmdigitalteam.com\/az\/product\/reqib-mehsul-arasdirmasi-ve-tehlili\/#primaryimage"},"thumbnailUrl":"https:\/\/nmdigitalteam.com\/wp-content\/uploads\/2022\/01\/NM-Digital-Team-Product-Competitor-Business-Analyzing.jpg","datePublished":"2022-01-25T13:00:24+00:00","dateModified":"2022-01-25T17:50:11+00:00","description":"NM Digital Team e-ticar\u0259t m\u0259hsullar\u0131n\u0131z\u0131 v\u0259 r\u0259qibl\u0259rinizi t\u0259hlil edir. Sahibkarlar v\u0259 dig\u0259r sah\u0259l\u0259r \u00fc\u00e7\u00fcn biznesin t\u0259hlili.","breadcrumb":{"@id":"https:\/\/nmdigitalteam.com\/az\/product\/reqib-mehsul-arasdirmasi-ve-tehlili\/#breadcrumb"},"inLanguage":"az","potentialAction":[{"@type":"ReadAction","target":["https:\/\/nmdigitalteam.com\/az\/product\/reqib-mehsul-arasdirmasi-ve-tehlili\/"]}]},{"@type":"ImageObject","inLanguage":"az","@id":"https:\/\/nmdigitalteam.com\/az\/product\/reqib-mehsul-arasdirmasi-ve-tehlili\/#primaryimage","url":"https:\/\/nmdigitalteam.com\/wp-content\/uploads\/2022\/01\/NM-Digital-Team-Product-Competitor-Business-Analyzing.jpg","contentUrl":"https:\/\/nmdigitalteam.com\/wp-content\/uploads\/2022\/01\/NM-Digital-Team-Product-Competitor-Business-Analyzing.jpg","width":640,"height":426},{"@type":"BreadcrumbList","@id":"https:\/\/nmdigitalteam.com\/az\/product\/reqib-mehsul-arasdirmasi-ve-tehlili\/#breadcrumb","itemListElement":[{"@type":"ListItem","position":1,"name":"Home","item":"https:\/\/nmdigitalteam.com\/az\/"},{"@type":"ListItem","position":2,"name":"Shop","item":"https:\/\/nmdigitalteam.com\/az\/shop\/"},{"@type":"ListItem","position":3,"name":"R\u0259qib\/M\u0259hsul Ara\u015fd\u0131rmas\u0131 v\u0259 T\u0259hlili"}]},{"@type":"WebSite","@id":"https:\/\/nmdigitalteam.com\/az\/#website","url":"https:\/\/nmdigitalteam.com\/az\/","name":"","description":"","publisher":{"@id":"https:\/\/nmdigitalteam.com\/az\/#organization"},"potentialAction":[{"@type":"SearchAction","target":{"@type":"EntryPoint","urlTemplate":"https:\/\/nmdigitalteam.com\/az\/?s={search_term_string}"},"query-input":{"@type":"PropertyValueSpecification","valueRequired":true,"valueName":"search_term_string"}}],"inLanguage":"az"},{"@type":"Organization","@id":"https:\/\/nmdigitalteam.com\/az\/#organization","name":"NM Digital Team","url":"https:\/\/nmdigitalteam.com\/az\/","logo":{"@type":"ImageObject","inLanguage":"az","@id":"https:\/\/nmdigitalteam.com\/az\/#\/schema\/logo\/image\/","url":"https:\/\/nmdigitalteam.com\/wp-content\/uploads\/2020\/07\/NM-DIGITAL-TEAM-Reqemsal-Marketing-Xidmetleri-Baku-e1600283694568.png","contentUrl":"https:\/\/nmdigitalteam.com\/wp-content\/uploads\/2020\/07\/NM-DIGITAL-TEAM-Reqemsal-Marketing-Xidmetleri-Baku-e1600283694568.png","width":128,"height":128,"caption":"NM Digital Team"},"image":{"@id":"https:\/\/nmdigitalteam.com\/az\/#\/schema\/logo\/image\/"},"sameAs":["https:\/\/www.facebook.com\/NMdigitalteam","https:\/\/x.com\/nmdigitalteam","https:\/\/www.instagram.com\/nmdigitalteam\/","https:\/\/www.linkedin.com\/company\/nm-digital-team","https:\/\/www.pinterest.com\/nmdigitalteam\/"]}]}},"_links":{"self":[{"href":"https:\/\/nmdigitalteam.com\/az\/wp-json\/wp\/v2\/product\/9329","targetHints":{"allow":["GET"]}}],"collection":[{"href":"https:\/\/nmdigitalteam.com\/az\/wp-json\/wp\/v2\/product"}],"about":[{"href":"https:\/\/nmdigitalteam.com\/az\/wp-json\/wp\/v2\/types\/product"}],"wp:featuredmedia":[{"embeddable":true,"href":"https:\/\/nmdigitalteam.com\/az\/wp-json\/wp\/v2\/media\/9324"}],"wp:attachment":[{"href":"https:\/\/nmdigitalteam.com\/az\/wp-json\/wp\/v2\/media?parent=9329"}],"wp:term":[{"taxonomy":"product_brand","embeddable":true,"href":"https:\/\/nmdigitalteam.com\/az\/wp-json\/wp\/v2\/product_brand?post=9329"},{"taxonomy":"product_cat","embeddable":true,"href":"https:\/\/nmdigitalteam.com\/az\/wp-json\/wp\/v2\/product_cat?post=9329"},{"taxonomy":"product_tag","embeddable":true,"href":"https:\/\/nmdigitalteam.com\/az\/wp-json\/wp\/v2\/product_tag?post=9329"}],"curies":[{"name":"wp","href":"https:\/\/api.w.org\/{rel}","templated":true}]}}