{"id":9346,"date":"2022-01-25T13:22:21","date_gmt":"2022-01-25T13:22:21","guid":{"rendered":"https:\/\/nmdigitalteam.com\/product\/establish-your-company-in-the-united-kingdom-united-states\/"},"modified":"2022-01-25T18:10:28","modified_gmt":"2022-01-25T18:10:28","slug":"ingilterede-amerika-birlesmis-statlarinda-sirketinizi-yaradin","status":"publish","type":"product","link":"https:\/\/nmdigitalteam.com\/az\/product\/ingilterede-amerika-birlesmis-statlarinda-sirketinizi-yaradin\/","title":{"rendered":"\u0130ngilt\u0259r\u0259d\u0259\/Amerika Birl\u0259\u015fmi\u015f \u015etatlar\u0131nda \u015eirk\u0259tinizi Yarad\u0131n"},"content":{"rendered":"","protected":false},"excerpt":{"rendered":"","protected":false},"featured_media":9337,"template":"","meta":[],"product_brand":[],"product_cat":[177,143],"product_tag":[],"class_list":{"0":"post-9346","1":"product","2":"type-product","3":"status-publish","4":"has-post-thumbnail","6":"product_cat-ecommerce-az","7":"product_cat-finance","9":"first","10":"instock","11":"shipping-taxable","12":"purchasable","13":"product-type-variable"},"yoast_head":"<!-- This site is optimized with the Yoast SEO plugin v27.4 - https:\/\/yoast.com\/product\/yoast-seo-wordpress\/ -->\n<title>\u0130ngilt\u0259r\u0259d\u0259\/Amerika Birl\u0259\u015fmi\u015f \u015etatlar\u0131nda \u015eirk\u0259tinizi Yarad\u0131n<\/title>\n<meta name=\"description\" content=\"NM Digital Team siz\u0259 B\u00f6y\u00fck Britaniya v\u0259 AB\u015e-da biznesinizi qurmaqda k\u00f6m\u0259k ed\u0259c\u0259k. \u015eirk\u0259tinizi qeydiyyatdan ke\u00e7ir\u0259 bil\u0259rik.\" \/>\n<meta name=\"robots\" content=\"index, follow, max-snippet:-1, max-image-preview:large, max-video-preview:-1\" \/>\n<link rel=\"canonical\" href=\"https:\/\/nmdigitalteam.com\/az\/product\/ingilterede-amerika-birlesmis-statlarinda-sirketinizi-yaradin\/\" \/>\n<script type=\"application\/ld+json\" class=\"yoast-schema-graph\">{\"@context\":\"https:\\\/\\\/schema.org\",\"@graph\":[{\"@type\":\"WebPage\",\"@id\":\"https:\\\/\\\/nmdigitalteam.com\\\/az\\\/product\\\/ingilterede-amerika-birlesmis-statlarinda-sirketinizi-yaradin\\\/\",\"url\":\"https:\\\/\\\/nmdigitalteam.com\\\/az\\\/product\\\/ingilterede-amerika-birlesmis-statlarinda-sirketinizi-yaradin\\\/\",\"name\":\"\u0130ngilt\u0259r\u0259d\u0259\\\/Amerika Birl\u0259\u015fmi\u015f \u015etatlar\u0131nda \u015eirk\u0259tinizi Yarad\u0131n\",\"isPartOf\":{\"@id\":\"https:\\\/\\\/nmdigitalteam.com\\\/az\\\/#website\"},\"primaryImageOfPage\":{\"@id\":\"https:\\\/\\\/nmdigitalteam.com\\\/az\\\/product\\\/ingilterede-amerika-birlesmis-statlarinda-sirketinizi-yaradin\\\/#primaryimage\"},\"image\":{\"@id\":\"https:\\\/\\\/nmdigitalteam.com\\\/az\\\/product\\\/ingilterede-amerika-birlesmis-statlarinda-sirketinizi-yaradin\\\/#primaryimage\"},\"thumbnailUrl\":\"https:\\\/\\\/nmdigitalteam.com\\\/wp-content\\\/uploads\\\/2022\\\/01\\\/how-to-register-your-company-in-the-USA-and-UK-Today-Open-start-your-business-online.jpg\",\"datePublished\":\"2022-01-25T13:22:21+00:00\",\"dateModified\":\"2022-01-25T18:10:28+00:00\",\"description\":\"NM Digital Team siz\u0259 B\u00f6y\u00fck Britaniya v\u0259 AB\u015e-da biznesinizi qurmaqda k\u00f6m\u0259k ed\u0259c\u0259k. \u015eirk\u0259tinizi qeydiyyatdan ke\u00e7ir\u0259 bil\u0259rik.\",\"breadcrumb\":{\"@id\":\"https:\\\/\\\/nmdigitalteam.com\\\/az\\\/product\\\/ingilterede-amerika-birlesmis-statlarinda-sirketinizi-yaradin\\\/#breadcrumb\"},\"inLanguage\":\"az\",\"potentialAction\":[{\"@type\":\"ReadAction\",\"target\":[\"https:\\\/\\\/nmdigitalteam.com\\\/az\\\/product\\\/ingilterede-amerika-birlesmis-statlarinda-sirketinizi-yaradin\\\/\"]}]},{\"@type\":\"ImageObject\",\"inLanguage\":\"az\",\"@id\":\"https:\\\/\\\/nmdigitalteam.com\\\/az\\\/product\\\/ingilterede-amerika-birlesmis-statlarinda-sirketinizi-yaradin\\\/#primaryimage\",\"url\":\"https:\\\/\\\/nmdigitalteam.com\\\/wp-content\\\/uploads\\\/2022\\\/01\\\/how-to-register-your-company-in-the-USA-and-UK-Today-Open-start-your-business-online.jpg\",\"contentUrl\":\"https:\\\/\\\/nmdigitalteam.com\\\/wp-content\\\/uploads\\\/2022\\\/01\\\/how-to-register-your-company-in-the-USA-and-UK-Today-Open-start-your-business-online.jpg\",\"width\":640,\"height\":426},{\"@type\":\"BreadcrumbList\",\"@id\":\"https:\\\/\\\/nmdigitalteam.com\\\/az\\\/product\\\/ingilterede-amerika-birlesmis-statlarinda-sirketinizi-yaradin\\\/#breadcrumb\",\"itemListElement\":[{\"@type\":\"ListItem\",\"position\":1,\"name\":\"Home\",\"item\":\"https:\\\/\\\/nmdigitalteam.com\\\/az\\\/\"},{\"@type\":\"ListItem\",\"position\":2,\"name\":\"Shop\",\"item\":\"https:\\\/\\\/nmdigitalteam.com\\\/az\\\/shop\\\/\"},{\"@type\":\"ListItem\",\"position\":3,\"name\":\"\u0130ngilt\u0259r\u0259d\u0259\\\/Amerika Birl\u0259\u015fmi\u015f \u015etatlar\u0131nda \u015eirk\u0259tinizi Yarad\u0131n\"}]},{\"@type\":\"WebSite\",\"@id\":\"https:\\\/\\\/nmdigitalteam.com\\\/az\\\/#website\",\"url\":\"https:\\\/\\\/nmdigitalteam.com\\\/az\\\/\",\"name\":\"\",\"description\":\"\",\"publisher\":{\"@id\":\"https:\\\/\\\/nmdigitalteam.com\\\/az\\\/#organization\"},\"potentialAction\":[{\"@type\":\"SearchAction\",\"target\":{\"@type\":\"EntryPoint\",\"urlTemplate\":\"https:\\\/\\\/nmdigitalteam.com\\\/az\\\/?s={search_term_string}\"},\"query-input\":{\"@type\":\"PropertyValueSpecification\",\"valueRequired\":true,\"valueName\":\"search_term_string\"}}],\"inLanguage\":\"az\"},{\"@type\":\"Organization\",\"@id\":\"https:\\\/\\\/nmdigitalteam.com\\\/az\\\/#organization\",\"name\":\"NM Digital Team\",\"url\":\"https:\\\/\\\/nmdigitalteam.com\\\/az\\\/\",\"logo\":{\"@type\":\"ImageObject\",\"inLanguage\":\"az\",\"@id\":\"https:\\\/\\\/nmdigitalteam.com\\\/az\\\/#\\\/schema\\\/logo\\\/image\\\/\",\"url\":\"https:\\\/\\\/nmdigitalteam.com\\\/wp-content\\\/uploads\\\/2020\\\/07\\\/NM-DIGITAL-TEAM-Reqemsal-Marketing-Xidmetleri-Baku-e1600283694568.png\",\"contentUrl\":\"https:\\\/\\\/nmdigitalteam.com\\\/wp-content\\\/uploads\\\/2020\\\/07\\\/NM-DIGITAL-TEAM-Reqemsal-Marketing-Xidmetleri-Baku-e1600283694568.png\",\"width\":128,\"height\":128,\"caption\":\"NM Digital Team\"},\"image\":{\"@id\":\"https:\\\/\\\/nmdigitalteam.com\\\/az\\\/#\\\/schema\\\/logo\\\/image\\\/\"},\"sameAs\":[\"https:\\\/\\\/www.facebook.com\\\/NMdigitalteam\",\"https:\\\/\\\/x.com\\\/nmdigitalteam\",\"https:\\\/\\\/www.instagram.com\\\/nmdigitalteam\\\/\",\"https:\\\/\\\/www.linkedin.com\\\/company\\\/nm-digital-team\",\"https:\\\/\\\/www.pinterest.com\\\/nmdigitalteam\\\/\"]}]}<\/script>\n<!-- \/ Yoast SEO plugin. -->","yoast_head_json":{"title":"\u0130ngilt\u0259r\u0259d\u0259\/Amerika Birl\u0259\u015fmi\u015f \u015etatlar\u0131nda \u015eirk\u0259tinizi Yarad\u0131n","description":"NM Digital Team siz\u0259 B\u00f6y\u00fck Britaniya v\u0259 AB\u015e-da biznesinizi qurmaqda k\u00f6m\u0259k ed\u0259c\u0259k. \u015eirk\u0259tinizi qeydiyyatdan ke\u00e7ir\u0259 bil\u0259rik.","robots":{"index":"index","follow":"follow","max-snippet":"max-snippet:-1","max-image-preview":"max-image-preview:large","max-video-preview":"max-video-preview:-1"},"canonical":"https:\/\/nmdigitalteam.com\/az\/product\/ingilterede-amerika-birlesmis-statlarinda-sirketinizi-yaradin\/","schema":{"@context":"https:\/\/schema.org","@graph":[{"@type":"WebPage","@id":"https:\/\/nmdigitalteam.com\/az\/product\/ingilterede-amerika-birlesmis-statlarinda-sirketinizi-yaradin\/","url":"https:\/\/nmdigitalteam.com\/az\/product\/ingilterede-amerika-birlesmis-statlarinda-sirketinizi-yaradin\/","name":"\u0130ngilt\u0259r\u0259d\u0259\/Amerika Birl\u0259\u015fmi\u015f \u015etatlar\u0131nda \u015eirk\u0259tinizi Yarad\u0131n","isPartOf":{"@id":"https:\/\/nmdigitalteam.com\/az\/#website"},"primaryImageOfPage":{"@id":"https:\/\/nmdigitalteam.com\/az\/product\/ingilterede-amerika-birlesmis-statlarinda-sirketinizi-yaradin\/#primaryimage"},"image":{"@id":"https:\/\/nmdigitalteam.com\/az\/product\/ingilterede-amerika-birlesmis-statlarinda-sirketinizi-yaradin\/#primaryimage"},"thumbnailUrl":"https:\/\/nmdigitalteam.com\/wp-content\/uploads\/2022\/01\/how-to-register-your-company-in-the-USA-and-UK-Today-Open-start-your-business-online.jpg","datePublished":"2022-01-25T13:22:21+00:00","dateModified":"2022-01-25T18:10:28+00:00","description":"NM Digital Team siz\u0259 B\u00f6y\u00fck Britaniya v\u0259 AB\u015e-da biznesinizi qurmaqda k\u00f6m\u0259k ed\u0259c\u0259k. \u015eirk\u0259tinizi qeydiyyatdan ke\u00e7ir\u0259 bil\u0259rik.","breadcrumb":{"@id":"https:\/\/nmdigitalteam.com\/az\/product\/ingilterede-amerika-birlesmis-statlarinda-sirketinizi-yaradin\/#breadcrumb"},"inLanguage":"az","potentialAction":[{"@type":"ReadAction","target":["https:\/\/nmdigitalteam.com\/az\/product\/ingilterede-amerika-birlesmis-statlarinda-sirketinizi-yaradin\/"]}]},{"@type":"ImageObject","inLanguage":"az","@id":"https:\/\/nmdigitalteam.com\/az\/product\/ingilterede-amerika-birlesmis-statlarinda-sirketinizi-yaradin\/#primaryimage","url":"https:\/\/nmdigitalteam.com\/wp-content\/uploads\/2022\/01\/how-to-register-your-company-in-the-USA-and-UK-Today-Open-start-your-business-online.jpg","contentUrl":"https:\/\/nmdigitalteam.com\/wp-content\/uploads\/2022\/01\/how-to-register-your-company-in-the-USA-and-UK-Today-Open-start-your-business-online.jpg","width":640,"height":426},{"@type":"BreadcrumbList","@id":"https:\/\/nmdigitalteam.com\/az\/product\/ingilterede-amerika-birlesmis-statlarinda-sirketinizi-yaradin\/#breadcrumb","itemListElement":[{"@type":"ListItem","position":1,"name":"Home","item":"https:\/\/nmdigitalteam.com\/az\/"},{"@type":"ListItem","position":2,"name":"Shop","item":"https:\/\/nmdigitalteam.com\/az\/shop\/"},{"@type":"ListItem","position":3,"name":"\u0130ngilt\u0259r\u0259d\u0259\/Amerika Birl\u0259\u015fmi\u015f \u015etatlar\u0131nda \u015eirk\u0259tinizi Yarad\u0131n"}]},{"@type":"WebSite","@id":"https:\/\/nmdigitalteam.com\/az\/#website","url":"https:\/\/nmdigitalteam.com\/az\/","name":"","description":"","publisher":{"@id":"https:\/\/nmdigitalteam.com\/az\/#organization"},"potentialAction":[{"@type":"SearchAction","target":{"@type":"EntryPoint","urlTemplate":"https:\/\/nmdigitalteam.com\/az\/?s={search_term_string}"},"query-input":{"@type":"PropertyValueSpecification","valueRequired":true,"valueName":"search_term_string"}}],"inLanguage":"az"},{"@type":"Organization","@id":"https:\/\/nmdigitalteam.com\/az\/#organization","name":"NM Digital Team","url":"https:\/\/nmdigitalteam.com\/az\/","logo":{"@type":"ImageObject","inLanguage":"az","@id":"https:\/\/nmdigitalteam.com\/az\/#\/schema\/logo\/image\/","url":"https:\/\/nmdigitalteam.com\/wp-content\/uploads\/2020\/07\/NM-DIGITAL-TEAM-Reqemsal-Marketing-Xidmetleri-Baku-e1600283694568.png","contentUrl":"https:\/\/nmdigitalteam.com\/wp-content\/uploads\/2020\/07\/NM-DIGITAL-TEAM-Reqemsal-Marketing-Xidmetleri-Baku-e1600283694568.png","width":128,"height":128,"caption":"NM Digital Team"},"image":{"@id":"https:\/\/nmdigitalteam.com\/az\/#\/schema\/logo\/image\/"},"sameAs":["https:\/\/www.facebook.com\/NMdigitalteam","https:\/\/x.com\/nmdigitalteam","https:\/\/www.instagram.com\/nmdigitalteam\/","https:\/\/www.linkedin.com\/company\/nm-digital-team","https:\/\/www.pinterest.com\/nmdigitalteam\/"]}]}},"_links":{"self":[{"href":"https:\/\/nmdigitalteam.com\/az\/wp-json\/wp\/v2\/product\/9346","targetHints":{"allow":["GET"]}}],"collection":[{"href":"https:\/\/nmdigitalteam.com\/az\/wp-json\/wp\/v2\/product"}],"about":[{"href":"https:\/\/nmdigitalteam.com\/az\/wp-json\/wp\/v2\/types\/product"}],"wp:featuredmedia":[{"embeddable":true,"href":"https:\/\/nmdigitalteam.com\/az\/wp-json\/wp\/v2\/media\/9337"}],"wp:attachment":[{"href":"https:\/\/nmdigitalteam.com\/az\/wp-json\/wp\/v2\/media?parent=9346"}],"wp:term":[{"taxonomy":"product_brand","embeddable":true,"href":"https:\/\/nmdigitalteam.com\/az\/wp-json\/wp\/v2\/product_brand?post=9346"},{"taxonomy":"product_cat","embeddable":true,"href":"https:\/\/nmdigitalteam.com\/az\/wp-json\/wp\/v2\/product_cat?post=9346"},{"taxonomy":"product_tag","embeddable":true,"href":"https:\/\/nmdigitalteam.com\/az\/wp-json\/wp\/v2\/product_tag?post=9346"}],"curies":[{"name":"wp","href":"https:\/\/api.w.org\/{rel}","templated":true}]}}