{"id":9741,"date":"2022-04-04T20:13:04","date_gmt":"2022-04-04T20:13:04","guid":{"rendered":"https:\/\/nmdigitalteam.com\/product\/e-ticar%c9%99t-winner-m%c9%99hsullar\/"},"modified":"2022-04-06T12:35:43","modified_gmt":"2022-04-06T12:35:43","slug":"e-ticar%c9%99t-winner-m%c9%99hsullar","status":"publish","type":"product","link":"https:\/\/nmdigitalteam.com\/az\/product\/e-ticar%c9%99t-winner-m%c9%99hsullar\/","title":{"rendered":"E-ticar\u0259t Winner M\u0259hsullar"},"content":{"rendered":"","protected":false},"excerpt":{"rendered":"","protected":false},"featured_media":9739,"template":"","meta":[],"product_brand":[],"product_cat":[177],"product_tag":[],"class_list":{"0":"post-9741","1":"product","2":"type-product","3":"status-publish","4":"has-post-thumbnail","6":"product_cat-ecommerce-az","8":"first","9":"instock","10":"shipping-taxable","11":"purchasable","12":"product-type-variable"},"yoast_head":"<!-- This site is optimized with the Yoast SEO plugin v27.4 - https:\/\/yoast.com\/product\/yoast-seo-wordpress\/ -->\n<title>E-ticar\u0259t Winner M\u0259hsullar - Onlayn E-ticar\u0259t Winner M\u0259hsullar Al<\/title>\n<meta name=\"description\" content=\"NM Digital Team &quot;E-ticar\u0259t Winner M\u0259hsullar&quot; t\u0259klif edir. Onlar\u0131 Amazon, eBay v\u0259 bir \u00e7ox e-ticar\u0259t ma\u011fazas\u0131 \u00fc\u00e7\u00fcn istifad\u0259 ed\u0259 bil\u0259rsiniz.\" \/>\n<meta name=\"robots\" content=\"index, follow, max-snippet:-1, max-image-preview:large, max-video-preview:-1\" \/>\n<link rel=\"canonical\" href=\"https:\/\/nmdigitalteam.com\/az\/product\/e-ticar%c9%99t-winner-m%c9%99hsullar\/\" \/>\n<script type=\"application\/ld+json\" class=\"yoast-schema-graph\">{\"@context\":\"https:\\\/\\\/schema.org\",\"@graph\":[{\"@type\":\"WebPage\",\"@id\":\"https:\\\/\\\/nmdigitalteam.com\\\/az\\\/product\\\/e-ticar%c9%99t-winner-m%c9%99hsullar\\\/\",\"url\":\"https:\\\/\\\/nmdigitalteam.com\\\/az\\\/product\\\/e-ticar%c9%99t-winner-m%c9%99hsullar\\\/\",\"name\":\"E-ticar\u0259t Winner M\u0259hsullar - Onlayn E-ticar\u0259t Winner M\u0259hsullar Al\",\"isPartOf\":{\"@id\":\"https:\\\/\\\/nmdigitalteam.com\\\/az\\\/#website\"},\"primaryImageOfPage\":{\"@id\":\"https:\\\/\\\/nmdigitalteam.com\\\/az\\\/product\\\/e-ticar%c9%99t-winner-m%c9%99hsullar\\\/#primaryimage\"},\"image\":{\"@id\":\"https:\\\/\\\/nmdigitalteam.com\\\/az\\\/product\\\/e-ticar%c9%99t-winner-m%c9%99hsullar\\\/#primaryimage\"},\"thumbnailUrl\":\"https:\\\/\\\/nmdigitalteam.com\\\/wp-content\\\/uploads\\\/2022\\\/04\\\/Download-eCommerce-Winner-Products-Online.png\",\"datePublished\":\"2022-04-04T20:13:04+00:00\",\"dateModified\":\"2022-04-06T12:35:43+00:00\",\"description\":\"NM Digital Team \\\"E-ticar\u0259t Winner M\u0259hsullar\\\" t\u0259klif edir. Onlar\u0131 Amazon, eBay v\u0259 bir \u00e7ox e-ticar\u0259t ma\u011fazas\u0131 \u00fc\u00e7\u00fcn istifad\u0259 ed\u0259 bil\u0259rsiniz.\",\"breadcrumb\":{\"@id\":\"https:\\\/\\\/nmdigitalteam.com\\\/az\\\/product\\\/e-ticar%c9%99t-winner-m%c9%99hsullar\\\/#breadcrumb\"},\"inLanguage\":\"az\",\"potentialAction\":[{\"@type\":\"ReadAction\",\"target\":[\"https:\\\/\\\/nmdigitalteam.com\\\/az\\\/product\\\/e-ticar%c9%99t-winner-m%c9%99hsullar\\\/\"]}]},{\"@type\":\"ImageObject\",\"inLanguage\":\"az\",\"@id\":\"https:\\\/\\\/nmdigitalteam.com\\\/az\\\/product\\\/e-ticar%c9%99t-winner-m%c9%99hsullar\\\/#primaryimage\",\"url\":\"https:\\\/\\\/nmdigitalteam.com\\\/wp-content\\\/uploads\\\/2022\\\/04\\\/Download-eCommerce-Winner-Products-Online.png\",\"contentUrl\":\"https:\\\/\\\/nmdigitalteam.com\\\/wp-content\\\/uploads\\\/2022\\\/04\\\/Download-eCommerce-Winner-Products-Online.png\",\"width\":640,\"height\":640},{\"@type\":\"BreadcrumbList\",\"@id\":\"https:\\\/\\\/nmdigitalteam.com\\\/az\\\/product\\\/e-ticar%c9%99t-winner-m%c9%99hsullar\\\/#breadcrumb\",\"itemListElement\":[{\"@type\":\"ListItem\",\"position\":1,\"name\":\"Home\",\"item\":\"https:\\\/\\\/nmdigitalteam.com\\\/az\\\/\"},{\"@type\":\"ListItem\",\"position\":2,\"name\":\"Shop\",\"item\":\"https:\\\/\\\/nmdigitalteam.com\\\/az\\\/shop\\\/\"},{\"@type\":\"ListItem\",\"position\":3,\"name\":\"E-ticar\u0259t Winner M\u0259hsullar\"}]},{\"@type\":\"WebSite\",\"@id\":\"https:\\\/\\\/nmdigitalteam.com\\\/az\\\/#website\",\"url\":\"https:\\\/\\\/nmdigitalteam.com\\\/az\\\/\",\"name\":\"\",\"description\":\"\",\"publisher\":{\"@id\":\"https:\\\/\\\/nmdigitalteam.com\\\/az\\\/#organization\"},\"potentialAction\":[{\"@type\":\"SearchAction\",\"target\":{\"@type\":\"EntryPoint\",\"urlTemplate\":\"https:\\\/\\\/nmdigitalteam.com\\\/az\\\/?s={search_term_string}\"},\"query-input\":{\"@type\":\"PropertyValueSpecification\",\"valueRequired\":true,\"valueName\":\"search_term_string\"}}],\"inLanguage\":\"az\"},{\"@type\":\"Organization\",\"@id\":\"https:\\\/\\\/nmdigitalteam.com\\\/az\\\/#organization\",\"name\":\"NM Digital Team\",\"url\":\"https:\\\/\\\/nmdigitalteam.com\\\/az\\\/\",\"logo\":{\"@type\":\"ImageObject\",\"inLanguage\":\"az\",\"@id\":\"https:\\\/\\\/nmdigitalteam.com\\\/az\\\/#\\\/schema\\\/logo\\\/image\\\/\",\"url\":\"https:\\\/\\\/nmdigitalteam.com\\\/wp-content\\\/uploads\\\/2020\\\/07\\\/NM-DIGITAL-TEAM-Reqemsal-Marketing-Xidmetleri-Baku-e1600283694568.png\",\"contentUrl\":\"https:\\\/\\\/nmdigitalteam.com\\\/wp-content\\\/uploads\\\/2020\\\/07\\\/NM-DIGITAL-TEAM-Reqemsal-Marketing-Xidmetleri-Baku-e1600283694568.png\",\"width\":128,\"height\":128,\"caption\":\"NM Digital Team\"},\"image\":{\"@id\":\"https:\\\/\\\/nmdigitalteam.com\\\/az\\\/#\\\/schema\\\/logo\\\/image\\\/\"},\"sameAs\":[\"https:\\\/\\\/www.facebook.com\\\/NMdigitalteam\",\"https:\\\/\\\/x.com\\\/nmdigitalteam\",\"https:\\\/\\\/www.instagram.com\\\/nmdigitalteam\\\/\",\"https:\\\/\\\/www.linkedin.com\\\/company\\\/nm-digital-team\",\"https:\\\/\\\/www.pinterest.com\\\/nmdigitalteam\\\/\"]}]}<\/script>\n<!-- \/ Yoast SEO plugin. -->","yoast_head_json":{"title":"E-ticar\u0259t Winner M\u0259hsullar - Onlayn E-ticar\u0259t Winner M\u0259hsullar Al","description":"NM Digital Team \"E-ticar\u0259t Winner M\u0259hsullar\" t\u0259klif edir. Onlar\u0131 Amazon, eBay v\u0259 bir \u00e7ox e-ticar\u0259t ma\u011fazas\u0131 \u00fc\u00e7\u00fcn istifad\u0259 ed\u0259 bil\u0259rsiniz.","robots":{"index":"index","follow":"follow","max-snippet":"max-snippet:-1","max-image-preview":"max-image-preview:large","max-video-preview":"max-video-preview:-1"},"canonical":"https:\/\/nmdigitalteam.com\/az\/product\/e-ticar%c9%99t-winner-m%c9%99hsullar\/","schema":{"@context":"https:\/\/schema.org","@graph":[{"@type":"WebPage","@id":"https:\/\/nmdigitalteam.com\/az\/product\/e-ticar%c9%99t-winner-m%c9%99hsullar\/","url":"https:\/\/nmdigitalteam.com\/az\/product\/e-ticar%c9%99t-winner-m%c9%99hsullar\/","name":"E-ticar\u0259t Winner M\u0259hsullar - Onlayn E-ticar\u0259t Winner M\u0259hsullar Al","isPartOf":{"@id":"https:\/\/nmdigitalteam.com\/az\/#website"},"primaryImageOfPage":{"@id":"https:\/\/nmdigitalteam.com\/az\/product\/e-ticar%c9%99t-winner-m%c9%99hsullar\/#primaryimage"},"image":{"@id":"https:\/\/nmdigitalteam.com\/az\/product\/e-ticar%c9%99t-winner-m%c9%99hsullar\/#primaryimage"},"thumbnailUrl":"https:\/\/nmdigitalteam.com\/wp-content\/uploads\/2022\/04\/Download-eCommerce-Winner-Products-Online.png","datePublished":"2022-04-04T20:13:04+00:00","dateModified":"2022-04-06T12:35:43+00:00","description":"NM Digital Team \"E-ticar\u0259t Winner M\u0259hsullar\" t\u0259klif edir. Onlar\u0131 Amazon, eBay v\u0259 bir \u00e7ox e-ticar\u0259t ma\u011fazas\u0131 \u00fc\u00e7\u00fcn istifad\u0259 ed\u0259 bil\u0259rsiniz.","breadcrumb":{"@id":"https:\/\/nmdigitalteam.com\/az\/product\/e-ticar%c9%99t-winner-m%c9%99hsullar\/#breadcrumb"},"inLanguage":"az","potentialAction":[{"@type":"ReadAction","target":["https:\/\/nmdigitalteam.com\/az\/product\/e-ticar%c9%99t-winner-m%c9%99hsullar\/"]}]},{"@type":"ImageObject","inLanguage":"az","@id":"https:\/\/nmdigitalteam.com\/az\/product\/e-ticar%c9%99t-winner-m%c9%99hsullar\/#primaryimage","url":"https:\/\/nmdigitalteam.com\/wp-content\/uploads\/2022\/04\/Download-eCommerce-Winner-Products-Online.png","contentUrl":"https:\/\/nmdigitalteam.com\/wp-content\/uploads\/2022\/04\/Download-eCommerce-Winner-Products-Online.png","width":640,"height":640},{"@type":"BreadcrumbList","@id":"https:\/\/nmdigitalteam.com\/az\/product\/e-ticar%c9%99t-winner-m%c9%99hsullar\/#breadcrumb","itemListElement":[{"@type":"ListItem","position":1,"name":"Home","item":"https:\/\/nmdigitalteam.com\/az\/"},{"@type":"ListItem","position":2,"name":"Shop","item":"https:\/\/nmdigitalteam.com\/az\/shop\/"},{"@type":"ListItem","position":3,"name":"E-ticar\u0259t Winner M\u0259hsullar"}]},{"@type":"WebSite","@id":"https:\/\/nmdigitalteam.com\/az\/#website","url":"https:\/\/nmdigitalteam.com\/az\/","name":"","description":"","publisher":{"@id":"https:\/\/nmdigitalteam.com\/az\/#organization"},"potentialAction":[{"@type":"SearchAction","target":{"@type":"EntryPoint","urlTemplate":"https:\/\/nmdigitalteam.com\/az\/?s={search_term_string}"},"query-input":{"@type":"PropertyValueSpecification","valueRequired":true,"valueName":"search_term_string"}}],"inLanguage":"az"},{"@type":"Organization","@id":"https:\/\/nmdigitalteam.com\/az\/#organization","name":"NM Digital Team","url":"https:\/\/nmdigitalteam.com\/az\/","logo":{"@type":"ImageObject","inLanguage":"az","@id":"https:\/\/nmdigitalteam.com\/az\/#\/schema\/logo\/image\/","url":"https:\/\/nmdigitalteam.com\/wp-content\/uploads\/2020\/07\/NM-DIGITAL-TEAM-Reqemsal-Marketing-Xidmetleri-Baku-e1600283694568.png","contentUrl":"https:\/\/nmdigitalteam.com\/wp-content\/uploads\/2020\/07\/NM-DIGITAL-TEAM-Reqemsal-Marketing-Xidmetleri-Baku-e1600283694568.png","width":128,"height":128,"caption":"NM Digital Team"},"image":{"@id":"https:\/\/nmdigitalteam.com\/az\/#\/schema\/logo\/image\/"},"sameAs":["https:\/\/www.facebook.com\/NMdigitalteam","https:\/\/x.com\/nmdigitalteam","https:\/\/www.instagram.com\/nmdigitalteam\/","https:\/\/www.linkedin.com\/company\/nm-digital-team","https:\/\/www.pinterest.com\/nmdigitalteam\/"]}]}},"_links":{"self":[{"href":"https:\/\/nmdigitalteam.com\/az\/wp-json\/wp\/v2\/product\/9741","targetHints":{"allow":["GET"]}}],"collection":[{"href":"https:\/\/nmdigitalteam.com\/az\/wp-json\/wp\/v2\/product"}],"about":[{"href":"https:\/\/nmdigitalteam.com\/az\/wp-json\/wp\/v2\/types\/product"}],"wp:featuredmedia":[{"embeddable":true,"href":"https:\/\/nmdigitalteam.com\/az\/wp-json\/wp\/v2\/media\/9739"}],"wp:attachment":[{"href":"https:\/\/nmdigitalteam.com\/az\/wp-json\/wp\/v2\/media?parent=9741"}],"wp:term":[{"taxonomy":"product_brand","embeddable":true,"href":"https:\/\/nmdigitalteam.com\/az\/wp-json\/wp\/v2\/product_brand?post=9741"},{"taxonomy":"product_cat","embeddable":true,"href":"https:\/\/nmdigitalteam.com\/az\/wp-json\/wp\/v2\/product_cat?post=9741"},{"taxonomy":"product_tag","embeddable":true,"href":"https:\/\/nmdigitalteam.com\/az\/wp-json\/wp\/v2\/product_tag?post=9741"}],"curies":[{"name":"wp","href":"https:\/\/api.w.org\/{rel}","templated":true}]}}