{"id":9081,"date":"2022-01-20T20:46:41","date_gmt":"2022-01-20T20:46:41","guid":{"rendered":"https:\/\/nmdigitalteam.com\/product\/seo-paketleri\/"},"modified":"2022-01-21T21:27:03","modified_gmt":"2022-01-21T21:27:03","slug":"seo-paketleri","status":"publish","type":"product","link":"https:\/\/nmdigitalteam.com\/tr\/product\/seo-paketleri\/","title":{"rendered":"SEO Paketleri"},"content":{"rendered":"","protected":false},"excerpt":{"rendered":"","protected":false},"featured_media":0,"template":"","meta":[],"product_brand":[],"product_cat":[175],"product_tag":[],"class_list":{"0":"post-9081","1":"product","2":"type-product","3":"status-publish","5":"product_cat-digital-marketinq-tr","7":"first","8":"instock","9":"shipping-taxable","10":"purchasable","11":"product-type-variable"},"yoast_head":"<!-- This site is optimized with the Yoast SEO plugin v27.3 - https:\/\/yoast.com\/product\/yoast-seo-wordpress\/ -->\n<title>NM Digital Team SEO Hizmetleri. \u00dcst D\u00fczey SEO Hizmeti<\/title>\n<meta name=\"description\" content=\"NM Digital Team size y\u00fcksek d\u00fczeyde SEO hizmeti sunar. M\u00fckemmel bir SEO stratejisi ile aramalar\u0131n\u0131zda ilk ad\u0131mlar\u0131 at\u0131n!\" \/>\n<meta name=\"robots\" content=\"index, follow, max-snippet:-1, max-image-preview:large, max-video-preview:-1\" \/>\n<link rel=\"canonical\" href=\"https:\/\/nmdigitalteam.com\/tr\/product\/seo-paketleri\/\" \/>\n<script type=\"application\/ld+json\" class=\"yoast-schema-graph\">{\"@context\":\"https:\\\/\\\/schema.org\",\"@graph\":[{\"@type\":\"WebPage\",\"@id\":\"https:\\\/\\\/nmdigitalteam.com\\\/tr\\\/product\\\/seo-paketleri\\\/\",\"url\":\"https:\\\/\\\/nmdigitalteam.com\\\/tr\\\/product\\\/seo-paketleri\\\/\",\"name\":\"NM Digital Team SEO Hizmetleri. \u00dcst D\u00fczey SEO Hizmeti\",\"isPartOf\":{\"@id\":\"https:\\\/\\\/nmdigitalteam.com\\\/tr\\\/#website\"},\"datePublished\":\"2022-01-20T20:46:41+00:00\",\"dateModified\":\"2022-01-21T21:27:03+00:00\",\"description\":\"NM Digital Team size y\u00fcksek d\u00fczeyde SEO hizmeti sunar. M\u00fckemmel bir SEO stratejisi ile aramalar\u0131n\u0131zda ilk ad\u0131mlar\u0131 at\u0131n!\",\"breadcrumb\":{\"@id\":\"https:\\\/\\\/nmdigitalteam.com\\\/tr\\\/product\\\/seo-paketleri\\\/#breadcrumb\"},\"inLanguage\":\"tr\",\"potentialAction\":[{\"@type\":\"ReadAction\",\"target\":[\"https:\\\/\\\/nmdigitalteam.com\\\/tr\\\/product\\\/seo-paketleri\\\/\"]}]},{\"@type\":\"BreadcrumbList\",\"@id\":\"https:\\\/\\\/nmdigitalteam.com\\\/tr\\\/product\\\/seo-paketleri\\\/#breadcrumb\",\"itemListElement\":[{\"@type\":\"ListItem\",\"position\":1,\"name\":\"Home\",\"item\":\"https:\\\/\\\/nmdigitalteam.com\\\/tr\\\/\"},{\"@type\":\"ListItem\",\"position\":2,\"name\":\"Shop\",\"item\":\"https:\\\/\\\/nmdigitalteam.com\\\/az\\\/shop\\\/\"},{\"@type\":\"ListItem\",\"position\":3,\"name\":\"SEO Paketleri\"}]},{\"@type\":\"WebSite\",\"@id\":\"https:\\\/\\\/nmdigitalteam.com\\\/tr\\\/#website\",\"url\":\"https:\\\/\\\/nmdigitalteam.com\\\/tr\\\/\",\"name\":\"\",\"description\":\"\",\"publisher\":{\"@id\":\"https:\\\/\\\/nmdigitalteam.com\\\/tr\\\/#organization\"},\"potentialAction\":[{\"@type\":\"SearchAction\",\"target\":{\"@type\":\"EntryPoint\",\"urlTemplate\":\"https:\\\/\\\/nmdigitalteam.com\\\/tr\\\/?s={search_term_string}\"},\"query-input\":{\"@type\":\"PropertyValueSpecification\",\"valueRequired\":true,\"valueName\":\"search_term_string\"}}],\"inLanguage\":\"tr\"},{\"@type\":\"Organization\",\"@id\":\"https:\\\/\\\/nmdigitalteam.com\\\/tr\\\/#organization\",\"name\":\"NM Digital Team\",\"url\":\"https:\\\/\\\/nmdigitalteam.com\\\/tr\\\/\",\"logo\":{\"@type\":\"ImageObject\",\"inLanguage\":\"tr\",\"@id\":\"https:\\\/\\\/nmdigitalteam.com\\\/tr\\\/#\\\/schema\\\/logo\\\/image\\\/\",\"url\":\"https:\\\/\\\/nmdigitalteam.com\\\/wp-content\\\/uploads\\\/2020\\\/07\\\/NM-DIGITAL-TEAM-Reqemsal-Marketing-Xidmetleri-Baku-e1600283694568.png\",\"contentUrl\":\"https:\\\/\\\/nmdigitalteam.com\\\/wp-content\\\/uploads\\\/2020\\\/07\\\/NM-DIGITAL-TEAM-Reqemsal-Marketing-Xidmetleri-Baku-e1600283694568.png\",\"width\":128,\"height\":128,\"caption\":\"NM Digital Team\"},\"image\":{\"@id\":\"https:\\\/\\\/nmdigitalteam.com\\\/tr\\\/#\\\/schema\\\/logo\\\/image\\\/\"},\"sameAs\":[\"https:\\\/\\\/www.facebook.com\\\/NMdigitalteam\",\"https:\\\/\\\/x.com\\\/nmdigitalteam\",\"https:\\\/\\\/www.instagram.com\\\/nmdigitalteam\\\/\",\"https:\\\/\\\/www.linkedin.com\\\/company\\\/nm-digital-team\",\"https:\\\/\\\/www.pinterest.com\\\/nmdigitalteam\\\/\"]}]}<\/script>\n<!-- \/ Yoast SEO plugin. -->","yoast_head_json":{"title":"NM Digital Team SEO Hizmetleri. \u00dcst D\u00fczey SEO Hizmeti","description":"NM Digital Team size y\u00fcksek d\u00fczeyde SEO hizmeti sunar. M\u00fckemmel bir SEO stratejisi ile aramalar\u0131n\u0131zda ilk ad\u0131mlar\u0131 at\u0131n!","robots":{"index":"index","follow":"follow","max-snippet":"max-snippet:-1","max-image-preview":"max-image-preview:large","max-video-preview":"max-video-preview:-1"},"canonical":"https:\/\/nmdigitalteam.com\/tr\/product\/seo-paketleri\/","schema":{"@context":"https:\/\/schema.org","@graph":[{"@type":"WebPage","@id":"https:\/\/nmdigitalteam.com\/tr\/product\/seo-paketleri\/","url":"https:\/\/nmdigitalteam.com\/tr\/product\/seo-paketleri\/","name":"NM Digital Team SEO Hizmetleri. \u00dcst D\u00fczey SEO Hizmeti","isPartOf":{"@id":"https:\/\/nmdigitalteam.com\/tr\/#website"},"datePublished":"2022-01-20T20:46:41+00:00","dateModified":"2022-01-21T21:27:03+00:00","description":"NM Digital Team size y\u00fcksek d\u00fczeyde SEO hizmeti sunar. M\u00fckemmel bir SEO stratejisi ile aramalar\u0131n\u0131zda ilk ad\u0131mlar\u0131 at\u0131n!","breadcrumb":{"@id":"https:\/\/nmdigitalteam.com\/tr\/product\/seo-paketleri\/#breadcrumb"},"inLanguage":"tr","potentialAction":[{"@type":"ReadAction","target":["https:\/\/nmdigitalteam.com\/tr\/product\/seo-paketleri\/"]}]},{"@type":"BreadcrumbList","@id":"https:\/\/nmdigitalteam.com\/tr\/product\/seo-paketleri\/#breadcrumb","itemListElement":[{"@type":"ListItem","position":1,"name":"Home","item":"https:\/\/nmdigitalteam.com\/tr\/"},{"@type":"ListItem","position":2,"name":"Shop","item":"https:\/\/nmdigitalteam.com\/az\/shop\/"},{"@type":"ListItem","position":3,"name":"SEO Paketleri"}]},{"@type":"WebSite","@id":"https:\/\/nmdigitalteam.com\/tr\/#website","url":"https:\/\/nmdigitalteam.com\/tr\/","name":"","description":"","publisher":{"@id":"https:\/\/nmdigitalteam.com\/tr\/#organization"},"potentialAction":[{"@type":"SearchAction","target":{"@type":"EntryPoint","urlTemplate":"https:\/\/nmdigitalteam.com\/tr\/?s={search_term_string}"},"query-input":{"@type":"PropertyValueSpecification","valueRequired":true,"valueName":"search_term_string"}}],"inLanguage":"tr"},{"@type":"Organization","@id":"https:\/\/nmdigitalteam.com\/tr\/#organization","name":"NM Digital Team","url":"https:\/\/nmdigitalteam.com\/tr\/","logo":{"@type":"ImageObject","inLanguage":"tr","@id":"https:\/\/nmdigitalteam.com\/tr\/#\/schema\/logo\/image\/","url":"https:\/\/nmdigitalteam.com\/wp-content\/uploads\/2020\/07\/NM-DIGITAL-TEAM-Reqemsal-Marketing-Xidmetleri-Baku-e1600283694568.png","contentUrl":"https:\/\/nmdigitalteam.com\/wp-content\/uploads\/2020\/07\/NM-DIGITAL-TEAM-Reqemsal-Marketing-Xidmetleri-Baku-e1600283694568.png","width":128,"height":128,"caption":"NM Digital Team"},"image":{"@id":"https:\/\/nmdigitalteam.com\/tr\/#\/schema\/logo\/image\/"},"sameAs":["https:\/\/www.facebook.com\/NMdigitalteam","https:\/\/x.com\/nmdigitalteam","https:\/\/www.instagram.com\/nmdigitalteam\/","https:\/\/www.linkedin.com\/company\/nm-digital-team","https:\/\/www.pinterest.com\/nmdigitalteam\/"]}]}},"_links":{"self":[{"href":"https:\/\/nmdigitalteam.com\/tr\/wp-json\/wp\/v2\/product\/9081","targetHints":{"allow":["GET"]}}],"collection":[{"href":"https:\/\/nmdigitalteam.com\/tr\/wp-json\/wp\/v2\/product"}],"about":[{"href":"https:\/\/nmdigitalteam.com\/tr\/wp-json\/wp\/v2\/types\/product"}],"wp:attachment":[{"href":"https:\/\/nmdigitalteam.com\/tr\/wp-json\/wp\/v2\/media?parent=9081"}],"wp:term":[{"taxonomy":"product_brand","embeddable":true,"href":"https:\/\/nmdigitalteam.com\/tr\/wp-json\/wp\/v2\/product_brand?post=9081"},{"taxonomy":"product_cat","embeddable":true,"href":"https:\/\/nmdigitalteam.com\/tr\/wp-json\/wp\/v2\/product_cat?post=9081"},{"taxonomy":"product_tag","embeddable":true,"href":"https:\/\/nmdigitalteam.com\/tr\/wp-json\/wp\/v2\/product_tag?post=9081"}],"curies":[{"name":"wp","href":"https:\/\/api.w.org\/{rel}","templated":true}]}}