{"id":9168,"date":"2022-01-21T20:39:26","date_gmt":"2022-01-21T20:39:26","guid":{"rendered":"https:\/\/nmdigitalteam.com\/product\/ecommerce-accounts-reinstatement\/"},"modified":"2022-01-21T21:15:41","modified_gmt":"2022-01-21T21:15:41","slug":"e-ticaret-hesaplarini-eski-haline-getirme","status":"publish","type":"product","link":"https:\/\/nmdigitalteam.com\/tr\/product\/e-ticaret-hesaplarini-eski-haline-getirme\/","title":{"rendered":"E-ticaret Hesaplar\u0131n\u0131 Eski Haline Getirme"},"content":{"rendered":"","protected":false},"excerpt":{"rendered":"","protected":false},"featured_media":9161,"template":"","meta":[],"product_brand":[],"product_cat":[178],"product_tag":[],"class_list":{"0":"post-9168","1":"product","2":"type-product","3":"status-publish","4":"has-post-thumbnail","6":"product_cat-ecommerce-tr","8":"first","9":"instock","10":"shipping-taxable","11":"purchasable","12":"product-type-variable"},"yoast_head":"<!-- This site is optimized with the Yoast SEO plugin v27.3 - https:\/\/yoast.com\/product\/yoast-seo-wordpress\/ -->\n<title>E-Ticaret Hesaplar\u0131n\u0131 Ask\u0131dan Kurtarma | Ask\u0131ya Al\u0131nm\u0131\u015f Hesap \u00c7\u00f6z\u00fcmleri<\/title>\n<meta name=\"description\" content=\"Suspend olmu\u015f e-Ticaret Hesaplar\u0131 \u00c7\u00f6z\u00fcmleri | Amazon Sat\u0131c\u0131 Hesab\u0131n\u0131, Etsy, eBay, Walmart ve Shopify i\u00e7in Appeal Haz\u0131rlama!\" \/>\n<meta name=\"robots\" content=\"index, follow, max-snippet:-1, max-image-preview:large, max-video-preview:-1\" \/>\n<link rel=\"canonical\" href=\"https:\/\/nmdigitalteam.com\/tr\/product\/e-ticaret-hesaplarini-eski-haline-getirme\/\" \/>\n<script type=\"application\/ld+json\" class=\"yoast-schema-graph\">{\"@context\":\"https:\\\/\\\/schema.org\",\"@graph\":[{\"@type\":\"WebPage\",\"@id\":\"https:\\\/\\\/nmdigitalteam.com\\\/tr\\\/product\\\/e-ticaret-hesaplarini-eski-haline-getirme\\\/\",\"url\":\"https:\\\/\\\/nmdigitalteam.com\\\/tr\\\/product\\\/e-ticaret-hesaplarini-eski-haline-getirme\\\/\",\"name\":\"E-Ticaret Hesaplar\u0131n\u0131 Ask\u0131dan Kurtarma | Ask\u0131ya Al\u0131nm\u0131\u015f Hesap \u00c7\u00f6z\u00fcmleri\",\"isPartOf\":{\"@id\":\"https:\\\/\\\/nmdigitalteam.com\\\/tr\\\/#website\"},\"primaryImageOfPage\":{\"@id\":\"https:\\\/\\\/nmdigitalteam.com\\\/tr\\\/product\\\/e-ticaret-hesaplarini-eski-haline-getirme\\\/#primaryimage\"},\"image\":{\"@id\":\"https:\\\/\\\/nmdigitalteam.com\\\/tr\\\/product\\\/e-ticaret-hesaplarini-eski-haline-getirme\\\/#primaryimage\"},\"thumbnailUrl\":\"https:\\\/\\\/nmdigitalteam.com\\\/wp-content\\\/uploads\\\/2022\\\/01\\\/NM-DIGITAL-TEAM-ECOMMERCE-ACCOUNT-AMAZON-EBAY-ETSY-WALMART-SHOPIFY-SUSPEND-SOLUTIONS.png\",\"datePublished\":\"2022-01-21T20:39:26+00:00\",\"dateModified\":\"2022-01-21T21:15:41+00:00\",\"description\":\"Suspend olmu\u015f e-Ticaret Hesaplar\u0131 \u00c7\u00f6z\u00fcmleri | Amazon Sat\u0131c\u0131 Hesab\u0131n\u0131, Etsy, eBay, Walmart ve Shopify i\u00e7in Appeal Haz\u0131rlama!\",\"breadcrumb\":{\"@id\":\"https:\\\/\\\/nmdigitalteam.com\\\/tr\\\/product\\\/e-ticaret-hesaplarini-eski-haline-getirme\\\/#breadcrumb\"},\"inLanguage\":\"tr\",\"potentialAction\":[{\"@type\":\"ReadAction\",\"target\":[\"https:\\\/\\\/nmdigitalteam.com\\\/tr\\\/product\\\/e-ticaret-hesaplarini-eski-haline-getirme\\\/\"]}]},{\"@type\":\"ImageObject\",\"inLanguage\":\"tr\",\"@id\":\"https:\\\/\\\/nmdigitalteam.com\\\/tr\\\/product\\\/e-ticaret-hesaplarini-eski-haline-getirme\\\/#primaryimage\",\"url\":\"https:\\\/\\\/nmdigitalteam.com\\\/wp-content\\\/uploads\\\/2022\\\/01\\\/NM-DIGITAL-TEAM-ECOMMERCE-ACCOUNT-AMAZON-EBAY-ETSY-WALMART-SHOPIFY-SUSPEND-SOLUTIONS.png\",\"contentUrl\":\"https:\\\/\\\/nmdigitalteam.com\\\/wp-content\\\/uploads\\\/2022\\\/01\\\/NM-DIGITAL-TEAM-ECOMMERCE-ACCOUNT-AMAZON-EBAY-ETSY-WALMART-SHOPIFY-SUSPEND-SOLUTIONS.png\",\"width\":1280,\"height\":720},{\"@type\":\"BreadcrumbList\",\"@id\":\"https:\\\/\\\/nmdigitalteam.com\\\/tr\\\/product\\\/e-ticaret-hesaplarini-eski-haline-getirme\\\/#breadcrumb\",\"itemListElement\":[{\"@type\":\"ListItem\",\"position\":1,\"name\":\"Home\",\"item\":\"https:\\\/\\\/nmdigitalteam.com\\\/tr\\\/\"},{\"@type\":\"ListItem\",\"position\":2,\"name\":\"Shop\",\"item\":\"https:\\\/\\\/nmdigitalteam.com\\\/az\\\/shop\\\/\"},{\"@type\":\"ListItem\",\"position\":3,\"name\":\"E-ticaret Hesaplar\u0131n\u0131 Eski Haline Getirme\"}]},{\"@type\":\"WebSite\",\"@id\":\"https:\\\/\\\/nmdigitalteam.com\\\/tr\\\/#website\",\"url\":\"https:\\\/\\\/nmdigitalteam.com\\\/tr\\\/\",\"name\":\"\",\"description\":\"\",\"publisher\":{\"@id\":\"https:\\\/\\\/nmdigitalteam.com\\\/tr\\\/#organization\"},\"potentialAction\":[{\"@type\":\"SearchAction\",\"target\":{\"@type\":\"EntryPoint\",\"urlTemplate\":\"https:\\\/\\\/nmdigitalteam.com\\\/tr\\\/?s={search_term_string}\"},\"query-input\":{\"@type\":\"PropertyValueSpecification\",\"valueRequired\":true,\"valueName\":\"search_term_string\"}}],\"inLanguage\":\"tr\"},{\"@type\":\"Organization\",\"@id\":\"https:\\\/\\\/nmdigitalteam.com\\\/tr\\\/#organization\",\"name\":\"NM Digital Team\",\"url\":\"https:\\\/\\\/nmdigitalteam.com\\\/tr\\\/\",\"logo\":{\"@type\":\"ImageObject\",\"inLanguage\":\"tr\",\"@id\":\"https:\\\/\\\/nmdigitalteam.com\\\/tr\\\/#\\\/schema\\\/logo\\\/image\\\/\",\"url\":\"https:\\\/\\\/nmdigitalteam.com\\\/wp-content\\\/uploads\\\/2020\\\/07\\\/NM-DIGITAL-TEAM-Reqemsal-Marketing-Xidmetleri-Baku-e1600283694568.png\",\"contentUrl\":\"https:\\\/\\\/nmdigitalteam.com\\\/wp-content\\\/uploads\\\/2020\\\/07\\\/NM-DIGITAL-TEAM-Reqemsal-Marketing-Xidmetleri-Baku-e1600283694568.png\",\"width\":128,\"height\":128,\"caption\":\"NM Digital Team\"},\"image\":{\"@id\":\"https:\\\/\\\/nmdigitalteam.com\\\/tr\\\/#\\\/schema\\\/logo\\\/image\\\/\"},\"sameAs\":[\"https:\\\/\\\/www.facebook.com\\\/NMdigitalteam\",\"https:\\\/\\\/x.com\\\/nmdigitalteam\",\"https:\\\/\\\/www.instagram.com\\\/nmdigitalteam\\\/\",\"https:\\\/\\\/www.linkedin.com\\\/company\\\/nm-digital-team\",\"https:\\\/\\\/www.pinterest.com\\\/nmdigitalteam\\\/\"]}]}<\/script>\n<!-- \/ Yoast SEO plugin. -->","yoast_head_json":{"title":"E-Ticaret Hesaplar\u0131n\u0131 Ask\u0131dan Kurtarma | Ask\u0131ya Al\u0131nm\u0131\u015f Hesap \u00c7\u00f6z\u00fcmleri","description":"Suspend olmu\u015f e-Ticaret Hesaplar\u0131 \u00c7\u00f6z\u00fcmleri | Amazon Sat\u0131c\u0131 Hesab\u0131n\u0131, Etsy, eBay, Walmart ve Shopify i\u00e7in Appeal Haz\u0131rlama!","robots":{"index":"index","follow":"follow","max-snippet":"max-snippet:-1","max-image-preview":"max-image-preview:large","max-video-preview":"max-video-preview:-1"},"canonical":"https:\/\/nmdigitalteam.com\/tr\/product\/e-ticaret-hesaplarini-eski-haline-getirme\/","schema":{"@context":"https:\/\/schema.org","@graph":[{"@type":"WebPage","@id":"https:\/\/nmdigitalteam.com\/tr\/product\/e-ticaret-hesaplarini-eski-haline-getirme\/","url":"https:\/\/nmdigitalteam.com\/tr\/product\/e-ticaret-hesaplarini-eski-haline-getirme\/","name":"E-Ticaret Hesaplar\u0131n\u0131 Ask\u0131dan Kurtarma | Ask\u0131ya Al\u0131nm\u0131\u015f Hesap \u00c7\u00f6z\u00fcmleri","isPartOf":{"@id":"https:\/\/nmdigitalteam.com\/tr\/#website"},"primaryImageOfPage":{"@id":"https:\/\/nmdigitalteam.com\/tr\/product\/e-ticaret-hesaplarini-eski-haline-getirme\/#primaryimage"},"image":{"@id":"https:\/\/nmdigitalteam.com\/tr\/product\/e-ticaret-hesaplarini-eski-haline-getirme\/#primaryimage"},"thumbnailUrl":"https:\/\/nmdigitalteam.com\/wp-content\/uploads\/2022\/01\/NM-DIGITAL-TEAM-ECOMMERCE-ACCOUNT-AMAZON-EBAY-ETSY-WALMART-SHOPIFY-SUSPEND-SOLUTIONS.png","datePublished":"2022-01-21T20:39:26+00:00","dateModified":"2022-01-21T21:15:41+00:00","description":"Suspend olmu\u015f e-Ticaret Hesaplar\u0131 \u00c7\u00f6z\u00fcmleri | Amazon Sat\u0131c\u0131 Hesab\u0131n\u0131, Etsy, eBay, Walmart ve Shopify i\u00e7in Appeal Haz\u0131rlama!","breadcrumb":{"@id":"https:\/\/nmdigitalteam.com\/tr\/product\/e-ticaret-hesaplarini-eski-haline-getirme\/#breadcrumb"},"inLanguage":"tr","potentialAction":[{"@type":"ReadAction","target":["https:\/\/nmdigitalteam.com\/tr\/product\/e-ticaret-hesaplarini-eski-haline-getirme\/"]}]},{"@type":"ImageObject","inLanguage":"tr","@id":"https:\/\/nmdigitalteam.com\/tr\/product\/e-ticaret-hesaplarini-eski-haline-getirme\/#primaryimage","url":"https:\/\/nmdigitalteam.com\/wp-content\/uploads\/2022\/01\/NM-DIGITAL-TEAM-ECOMMERCE-ACCOUNT-AMAZON-EBAY-ETSY-WALMART-SHOPIFY-SUSPEND-SOLUTIONS.png","contentUrl":"https:\/\/nmdigitalteam.com\/wp-content\/uploads\/2022\/01\/NM-DIGITAL-TEAM-ECOMMERCE-ACCOUNT-AMAZON-EBAY-ETSY-WALMART-SHOPIFY-SUSPEND-SOLUTIONS.png","width":1280,"height":720},{"@type":"BreadcrumbList","@id":"https:\/\/nmdigitalteam.com\/tr\/product\/e-ticaret-hesaplarini-eski-haline-getirme\/#breadcrumb","itemListElement":[{"@type":"ListItem","position":1,"name":"Home","item":"https:\/\/nmdigitalteam.com\/tr\/"},{"@type":"ListItem","position":2,"name":"Shop","item":"https:\/\/nmdigitalteam.com\/az\/shop\/"},{"@type":"ListItem","position":3,"name":"E-ticaret Hesaplar\u0131n\u0131 Eski Haline Getirme"}]},{"@type":"WebSite","@id":"https:\/\/nmdigitalteam.com\/tr\/#website","url":"https:\/\/nmdigitalteam.com\/tr\/","name":"","description":"","publisher":{"@id":"https:\/\/nmdigitalteam.com\/tr\/#organization"},"potentialAction":[{"@type":"SearchAction","target":{"@type":"EntryPoint","urlTemplate":"https:\/\/nmdigitalteam.com\/tr\/?s={search_term_string}"},"query-input":{"@type":"PropertyValueSpecification","valueRequired":true,"valueName":"search_term_string"}}],"inLanguage":"tr"},{"@type":"Organization","@id":"https:\/\/nmdigitalteam.com\/tr\/#organization","name":"NM Digital Team","url":"https:\/\/nmdigitalteam.com\/tr\/","logo":{"@type":"ImageObject","inLanguage":"tr","@id":"https:\/\/nmdigitalteam.com\/tr\/#\/schema\/logo\/image\/","url":"https:\/\/nmdigitalteam.com\/wp-content\/uploads\/2020\/07\/NM-DIGITAL-TEAM-Reqemsal-Marketing-Xidmetleri-Baku-e1600283694568.png","contentUrl":"https:\/\/nmdigitalteam.com\/wp-content\/uploads\/2020\/07\/NM-DIGITAL-TEAM-Reqemsal-Marketing-Xidmetleri-Baku-e1600283694568.png","width":128,"height":128,"caption":"NM Digital Team"},"image":{"@id":"https:\/\/nmdigitalteam.com\/tr\/#\/schema\/logo\/image\/"},"sameAs":["https:\/\/www.facebook.com\/NMdigitalteam","https:\/\/x.com\/nmdigitalteam","https:\/\/www.instagram.com\/nmdigitalteam\/","https:\/\/www.linkedin.com\/company\/nm-digital-team","https:\/\/www.pinterest.com\/nmdigitalteam\/"]}]}},"_links":{"self":[{"href":"https:\/\/nmdigitalteam.com\/tr\/wp-json\/wp\/v2\/product\/9168","targetHints":{"allow":["GET"]}}],"collection":[{"href":"https:\/\/nmdigitalteam.com\/tr\/wp-json\/wp\/v2\/product"}],"about":[{"href":"https:\/\/nmdigitalteam.com\/tr\/wp-json\/wp\/v2\/types\/product"}],"wp:featuredmedia":[{"embeddable":true,"href":"https:\/\/nmdigitalteam.com\/tr\/wp-json\/wp\/v2\/media\/9161"}],"wp:attachment":[{"href":"https:\/\/nmdigitalteam.com\/tr\/wp-json\/wp\/v2\/media?parent=9168"}],"wp:term":[{"taxonomy":"product_brand","embeddable":true,"href":"https:\/\/nmdigitalteam.com\/tr\/wp-json\/wp\/v2\/product_brand?post=9168"},{"taxonomy":"product_cat","embeddable":true,"href":"https:\/\/nmdigitalteam.com\/tr\/wp-json\/wp\/v2\/product_cat?post=9168"},{"taxonomy":"product_tag","embeddable":true,"href":"https:\/\/nmdigitalteam.com\/tr\/wp-json\/wp\/v2\/product_tag?post=9168"}],"curies":[{"name":"wp","href":"https:\/\/api.w.org\/{rel}","templated":true}]}}