{"id":9330,"date":"2022-01-25T13:00:24","date_gmt":"2022-01-25T13:00:24","guid":{"rendered":"https:\/\/nmdigitalteam.com\/product\/competitor-and-product-analyzing\/"},"modified":"2022-01-25T16:16:39","modified_gmt":"2022-01-25T16:16:39","slug":"rakip-ve-urun-analizi","status":"publish","type":"product","link":"https:\/\/nmdigitalteam.com\/tr\/product\/rakip-ve-urun-analizi\/","title":{"rendered":"Rakip ve \u00dcr\u00fcn Analizi"},"content":{"rendered":"","protected":false},"excerpt":{"rendered":"","protected":false},"featured_media":9325,"template":"","meta":[],"product_brand":[],"product_cat":[175,178],"product_tag":[],"class_list":{"0":"post-9330","1":"product","2":"type-product","3":"status-publish","4":"has-post-thumbnail","6":"product_cat-digital-marketinq-tr","7":"product_cat-ecommerce-tr","9":"first","10":"instock","11":"shipping-taxable","12":"purchasable","13":"product-type-variable"},"yoast_head":"<!-- This site is optimized with the Yoast SEO plugin v27.3 - https:\/\/yoast.com\/product\/yoast-seo-wordpress\/ -->\n<title>E-Ticaret ve \u0130\u015fletmeleri i\u00e7in Rakip ve \u00dcr\u00fcn Analizi<\/title>\n<meta name=\"description\" content=\"NM Digital Team E-Ticaret \u00dcr\u00fcnlerinizi ve Rakiplerinizi Analiz Ediyor. Giri\u015fimciler ve Yeni Sekt\u00f6rler i\u00e7in \u0130\u015fletme Analizi.\" \/>\n<meta name=\"robots\" content=\"index, follow, max-snippet:-1, max-image-preview:large, max-video-preview:-1\" \/>\n<link rel=\"canonical\" href=\"https:\/\/nmdigitalteam.com\/tr\/product\/rakip-ve-urun-analizi\/\" \/>\n<script type=\"application\/ld+json\" class=\"yoast-schema-graph\">{\"@context\":\"https:\\\/\\\/schema.org\",\"@graph\":[{\"@type\":\"WebPage\",\"@id\":\"https:\\\/\\\/nmdigitalteam.com\\\/tr\\\/product\\\/rakip-ve-urun-analizi\\\/\",\"url\":\"https:\\\/\\\/nmdigitalteam.com\\\/tr\\\/product\\\/rakip-ve-urun-analizi\\\/\",\"name\":\"E-Ticaret ve \u0130\u015fletmeleri i\u00e7in Rakip ve \u00dcr\u00fcn Analizi\",\"isPartOf\":{\"@id\":\"https:\\\/\\\/nmdigitalteam.com\\\/tr\\\/#website\"},\"primaryImageOfPage\":{\"@id\":\"https:\\\/\\\/nmdigitalteam.com\\\/tr\\\/product\\\/rakip-ve-urun-analizi\\\/#primaryimage\"},\"image\":{\"@id\":\"https:\\\/\\\/nmdigitalteam.com\\\/tr\\\/product\\\/rakip-ve-urun-analizi\\\/#primaryimage\"},\"thumbnailUrl\":\"https:\\\/\\\/nmdigitalteam.com\\\/wp-content\\\/uploads\\\/2022\\\/01\\\/NM-Digital-Team-Product-Competitor-Business-Analyzing.jpg\",\"datePublished\":\"2022-01-25T13:00:24+00:00\",\"dateModified\":\"2022-01-25T16:16:39+00:00\",\"description\":\"NM Digital Team E-Ticaret \u00dcr\u00fcnlerinizi ve Rakiplerinizi Analiz Ediyor. Giri\u015fimciler ve Yeni Sekt\u00f6rler i\u00e7in \u0130\u015fletme Analizi.\",\"breadcrumb\":{\"@id\":\"https:\\\/\\\/nmdigitalteam.com\\\/tr\\\/product\\\/rakip-ve-urun-analizi\\\/#breadcrumb\"},\"inLanguage\":\"tr\",\"potentialAction\":[{\"@type\":\"ReadAction\",\"target\":[\"https:\\\/\\\/nmdigitalteam.com\\\/tr\\\/product\\\/rakip-ve-urun-analizi\\\/\"]}]},{\"@type\":\"ImageObject\",\"inLanguage\":\"tr\",\"@id\":\"https:\\\/\\\/nmdigitalteam.com\\\/tr\\\/product\\\/rakip-ve-urun-analizi\\\/#primaryimage\",\"url\":\"https:\\\/\\\/nmdigitalteam.com\\\/wp-content\\\/uploads\\\/2022\\\/01\\\/NM-Digital-Team-Product-Competitor-Business-Analyzing.jpg\",\"contentUrl\":\"https:\\\/\\\/nmdigitalteam.com\\\/wp-content\\\/uploads\\\/2022\\\/01\\\/NM-Digital-Team-Product-Competitor-Business-Analyzing.jpg\",\"width\":640,\"height\":426},{\"@type\":\"BreadcrumbList\",\"@id\":\"https:\\\/\\\/nmdigitalteam.com\\\/tr\\\/product\\\/rakip-ve-urun-analizi\\\/#breadcrumb\",\"itemListElement\":[{\"@type\":\"ListItem\",\"position\":1,\"name\":\"Home\",\"item\":\"https:\\\/\\\/nmdigitalteam.com\\\/tr\\\/\"},{\"@type\":\"ListItem\",\"position\":2,\"name\":\"Shop\",\"item\":\"https:\\\/\\\/nmdigitalteam.com\\\/az\\\/shop\\\/\"},{\"@type\":\"ListItem\",\"position\":3,\"name\":\"Rakip ve \u00dcr\u00fcn Analizi\"}]},{\"@type\":\"WebSite\",\"@id\":\"https:\\\/\\\/nmdigitalteam.com\\\/tr\\\/#website\",\"url\":\"https:\\\/\\\/nmdigitalteam.com\\\/tr\\\/\",\"name\":\"\",\"description\":\"\",\"publisher\":{\"@id\":\"https:\\\/\\\/nmdigitalteam.com\\\/tr\\\/#organization\"},\"potentialAction\":[{\"@type\":\"SearchAction\",\"target\":{\"@type\":\"EntryPoint\",\"urlTemplate\":\"https:\\\/\\\/nmdigitalteam.com\\\/tr\\\/?s={search_term_string}\"},\"query-input\":{\"@type\":\"PropertyValueSpecification\",\"valueRequired\":true,\"valueName\":\"search_term_string\"}}],\"inLanguage\":\"tr\"},{\"@type\":\"Organization\",\"@id\":\"https:\\\/\\\/nmdigitalteam.com\\\/tr\\\/#organization\",\"name\":\"NM Digital Team\",\"url\":\"https:\\\/\\\/nmdigitalteam.com\\\/tr\\\/\",\"logo\":{\"@type\":\"ImageObject\",\"inLanguage\":\"tr\",\"@id\":\"https:\\\/\\\/nmdigitalteam.com\\\/tr\\\/#\\\/schema\\\/logo\\\/image\\\/\",\"url\":\"https:\\\/\\\/nmdigitalteam.com\\\/wp-content\\\/uploads\\\/2020\\\/07\\\/NM-DIGITAL-TEAM-Reqemsal-Marketing-Xidmetleri-Baku-e1600283694568.png\",\"contentUrl\":\"https:\\\/\\\/nmdigitalteam.com\\\/wp-content\\\/uploads\\\/2020\\\/07\\\/NM-DIGITAL-TEAM-Reqemsal-Marketing-Xidmetleri-Baku-e1600283694568.png\",\"width\":128,\"height\":128,\"caption\":\"NM Digital Team\"},\"image\":{\"@id\":\"https:\\\/\\\/nmdigitalteam.com\\\/tr\\\/#\\\/schema\\\/logo\\\/image\\\/\"},\"sameAs\":[\"https:\\\/\\\/www.facebook.com\\\/NMdigitalteam\",\"https:\\\/\\\/x.com\\\/nmdigitalteam\",\"https:\\\/\\\/www.instagram.com\\\/nmdigitalteam\\\/\",\"https:\\\/\\\/www.linkedin.com\\\/company\\\/nm-digital-team\",\"https:\\\/\\\/www.pinterest.com\\\/nmdigitalteam\\\/\"]}]}<\/script>\n<!-- \/ Yoast SEO plugin. -->","yoast_head_json":{"title":"E-Ticaret ve \u0130\u015fletmeleri i\u00e7in Rakip ve \u00dcr\u00fcn Analizi","description":"NM Digital Team E-Ticaret \u00dcr\u00fcnlerinizi ve Rakiplerinizi Analiz Ediyor. Giri\u015fimciler ve Yeni Sekt\u00f6rler i\u00e7in \u0130\u015fletme Analizi.","robots":{"index":"index","follow":"follow","max-snippet":"max-snippet:-1","max-image-preview":"max-image-preview:large","max-video-preview":"max-video-preview:-1"},"canonical":"https:\/\/nmdigitalteam.com\/tr\/product\/rakip-ve-urun-analizi\/","schema":{"@context":"https:\/\/schema.org","@graph":[{"@type":"WebPage","@id":"https:\/\/nmdigitalteam.com\/tr\/product\/rakip-ve-urun-analizi\/","url":"https:\/\/nmdigitalteam.com\/tr\/product\/rakip-ve-urun-analizi\/","name":"E-Ticaret ve \u0130\u015fletmeleri i\u00e7in Rakip ve \u00dcr\u00fcn Analizi","isPartOf":{"@id":"https:\/\/nmdigitalteam.com\/tr\/#website"},"primaryImageOfPage":{"@id":"https:\/\/nmdigitalteam.com\/tr\/product\/rakip-ve-urun-analizi\/#primaryimage"},"image":{"@id":"https:\/\/nmdigitalteam.com\/tr\/product\/rakip-ve-urun-analizi\/#primaryimage"},"thumbnailUrl":"https:\/\/nmdigitalteam.com\/wp-content\/uploads\/2022\/01\/NM-Digital-Team-Product-Competitor-Business-Analyzing.jpg","datePublished":"2022-01-25T13:00:24+00:00","dateModified":"2022-01-25T16:16:39+00:00","description":"NM Digital Team E-Ticaret \u00dcr\u00fcnlerinizi ve Rakiplerinizi Analiz Ediyor. Giri\u015fimciler ve Yeni Sekt\u00f6rler i\u00e7in \u0130\u015fletme Analizi.","breadcrumb":{"@id":"https:\/\/nmdigitalteam.com\/tr\/product\/rakip-ve-urun-analizi\/#breadcrumb"},"inLanguage":"tr","potentialAction":[{"@type":"ReadAction","target":["https:\/\/nmdigitalteam.com\/tr\/product\/rakip-ve-urun-analizi\/"]}]},{"@type":"ImageObject","inLanguage":"tr","@id":"https:\/\/nmdigitalteam.com\/tr\/product\/rakip-ve-urun-analizi\/#primaryimage","url":"https:\/\/nmdigitalteam.com\/wp-content\/uploads\/2022\/01\/NM-Digital-Team-Product-Competitor-Business-Analyzing.jpg","contentUrl":"https:\/\/nmdigitalteam.com\/wp-content\/uploads\/2022\/01\/NM-Digital-Team-Product-Competitor-Business-Analyzing.jpg","width":640,"height":426},{"@type":"BreadcrumbList","@id":"https:\/\/nmdigitalteam.com\/tr\/product\/rakip-ve-urun-analizi\/#breadcrumb","itemListElement":[{"@type":"ListItem","position":1,"name":"Home","item":"https:\/\/nmdigitalteam.com\/tr\/"},{"@type":"ListItem","position":2,"name":"Shop","item":"https:\/\/nmdigitalteam.com\/az\/shop\/"},{"@type":"ListItem","position":3,"name":"Rakip ve \u00dcr\u00fcn Analizi"}]},{"@type":"WebSite","@id":"https:\/\/nmdigitalteam.com\/tr\/#website","url":"https:\/\/nmdigitalteam.com\/tr\/","name":"","description":"","publisher":{"@id":"https:\/\/nmdigitalteam.com\/tr\/#organization"},"potentialAction":[{"@type":"SearchAction","target":{"@type":"EntryPoint","urlTemplate":"https:\/\/nmdigitalteam.com\/tr\/?s={search_term_string}"},"query-input":{"@type":"PropertyValueSpecification","valueRequired":true,"valueName":"search_term_string"}}],"inLanguage":"tr"},{"@type":"Organization","@id":"https:\/\/nmdigitalteam.com\/tr\/#organization","name":"NM Digital Team","url":"https:\/\/nmdigitalteam.com\/tr\/","logo":{"@type":"ImageObject","inLanguage":"tr","@id":"https:\/\/nmdigitalteam.com\/tr\/#\/schema\/logo\/image\/","url":"https:\/\/nmdigitalteam.com\/wp-content\/uploads\/2020\/07\/NM-DIGITAL-TEAM-Reqemsal-Marketing-Xidmetleri-Baku-e1600283694568.png","contentUrl":"https:\/\/nmdigitalteam.com\/wp-content\/uploads\/2020\/07\/NM-DIGITAL-TEAM-Reqemsal-Marketing-Xidmetleri-Baku-e1600283694568.png","width":128,"height":128,"caption":"NM Digital Team"},"image":{"@id":"https:\/\/nmdigitalteam.com\/tr\/#\/schema\/logo\/image\/"},"sameAs":["https:\/\/www.facebook.com\/NMdigitalteam","https:\/\/x.com\/nmdigitalteam","https:\/\/www.instagram.com\/nmdigitalteam\/","https:\/\/www.linkedin.com\/company\/nm-digital-team","https:\/\/www.pinterest.com\/nmdigitalteam\/"]}]}},"_links":{"self":[{"href":"https:\/\/nmdigitalteam.com\/tr\/wp-json\/wp\/v2\/product\/9330","targetHints":{"allow":["GET"]}}],"collection":[{"href":"https:\/\/nmdigitalteam.com\/tr\/wp-json\/wp\/v2\/product"}],"about":[{"href":"https:\/\/nmdigitalteam.com\/tr\/wp-json\/wp\/v2\/types\/product"}],"wp:featuredmedia":[{"embeddable":true,"href":"https:\/\/nmdigitalteam.com\/tr\/wp-json\/wp\/v2\/media\/9325"}],"wp:attachment":[{"href":"https:\/\/nmdigitalteam.com\/tr\/wp-json\/wp\/v2\/media?parent=9330"}],"wp:term":[{"taxonomy":"product_brand","embeddable":true,"href":"https:\/\/nmdigitalteam.com\/tr\/wp-json\/wp\/v2\/product_brand?post=9330"},{"taxonomy":"product_cat","embeddable":true,"href":"https:\/\/nmdigitalteam.com\/tr\/wp-json\/wp\/v2\/product_cat?post=9330"},{"taxonomy":"product_tag","embeddable":true,"href":"https:\/\/nmdigitalteam.com\/tr\/wp-json\/wp\/v2\/product_tag?post=9330"}],"curies":[{"name":"wp","href":"https:\/\/api.w.org\/{rel}","templated":true}]}}