{"id":9347,"date":"2022-01-25T13:22:21","date_gmt":"2022-01-25T13:22:21","guid":{"rendered":"https:\/\/nmdigitalteam.com\/product\/establish-your-company-in-the-united-kingdom-united-states\/"},"modified":"2022-01-25T16:26:14","modified_gmt":"2022-01-25T16:26:14","slug":"birlesik-krallik-amerika-birlesik-devletlerinde-sirket-kurulumu","status":"publish","type":"product","link":"https:\/\/nmdigitalteam.com\/tr\/product\/birlesik-krallik-amerika-birlesik-devletlerinde-sirket-kurulumu\/","title":{"rendered":"Birle\u015fik Krall\u0131k\/Amerika Birle\u015fik Devletleri&#8217;nde \u015eirket Kurulumu"},"content":{"rendered":"","protected":false},"excerpt":{"rendered":"","protected":false},"featured_media":9338,"template":"","meta":[],"product_brand":[],"product_cat":[178,171],"product_tag":[],"class_list":{"0":"post-9347","1":"product","2":"type-product","3":"status-publish","4":"has-post-thumbnail","6":"product_cat-ecommerce-tr","7":"product_cat-finance-tr","9":"first","10":"instock","11":"shipping-taxable","12":"purchasable","13":"product-type-variable"},"yoast_head":"<!-- This site is optimized with the Yoast SEO plugin v27.3 - https:\/\/yoast.com\/product\/yoast-seo-wordpress\/ -->\n<title>Birle\u015fik Krall\u0131k\/Amerika Birle\u015fik Devletleri&#039;nde \u015eirket Kurulumu<\/title>\n<meta name=\"description\" content=\"NM Digital Team \u0130ngiltere ve Amerika Birle\u015fik Devletleri&#039;nde \u015firketinizi kurman\u0131za yard\u0131mc\u0131 olacakt\u0131r. \u015eirketinizi Kaydettirebiliriz.\" \/>\n<meta name=\"robots\" content=\"index, follow, max-snippet:-1, max-image-preview:large, max-video-preview:-1\" \/>\n<link rel=\"canonical\" href=\"https:\/\/nmdigitalteam.com\/tr\/product\/birlesik-krallik-amerika-birlesik-devletlerinde-sirket-kurulumu\/\" \/>\n<script type=\"application\/ld+json\" class=\"yoast-schema-graph\">{\"@context\":\"https:\\\/\\\/schema.org\",\"@graph\":[{\"@type\":\"WebPage\",\"@id\":\"https:\\\/\\\/nmdigitalteam.com\\\/tr\\\/product\\\/birlesik-krallik-amerika-birlesik-devletlerinde-sirket-kurulumu\\\/\",\"url\":\"https:\\\/\\\/nmdigitalteam.com\\\/tr\\\/product\\\/birlesik-krallik-amerika-birlesik-devletlerinde-sirket-kurulumu\\\/\",\"name\":\"Birle\u015fik Krall\u0131k\\\/Amerika Birle\u015fik Devletleri'nde \u015eirket Kurulumu\",\"isPartOf\":{\"@id\":\"https:\\\/\\\/nmdigitalteam.com\\\/tr\\\/#website\"},\"primaryImageOfPage\":{\"@id\":\"https:\\\/\\\/nmdigitalteam.com\\\/tr\\\/product\\\/birlesik-krallik-amerika-birlesik-devletlerinde-sirket-kurulumu\\\/#primaryimage\"},\"image\":{\"@id\":\"https:\\\/\\\/nmdigitalteam.com\\\/tr\\\/product\\\/birlesik-krallik-amerika-birlesik-devletlerinde-sirket-kurulumu\\\/#primaryimage\"},\"thumbnailUrl\":\"https:\\\/\\\/nmdigitalteam.com\\\/wp-content\\\/uploads\\\/2022\\\/01\\\/how-to-register-your-company-in-the-USA-and-UK-Today-Open-start-your-business-online.jpg\",\"datePublished\":\"2022-01-25T13:22:21+00:00\",\"dateModified\":\"2022-01-25T16:26:14+00:00\",\"description\":\"NM Digital Team \u0130ngiltere ve Amerika Birle\u015fik Devletleri'nde \u015firketinizi kurman\u0131za yard\u0131mc\u0131 olacakt\u0131r. \u015eirketinizi Kaydettirebiliriz.\",\"breadcrumb\":{\"@id\":\"https:\\\/\\\/nmdigitalteam.com\\\/tr\\\/product\\\/birlesik-krallik-amerika-birlesik-devletlerinde-sirket-kurulumu\\\/#breadcrumb\"},\"inLanguage\":\"tr\",\"potentialAction\":[{\"@type\":\"ReadAction\",\"target\":[\"https:\\\/\\\/nmdigitalteam.com\\\/tr\\\/product\\\/birlesik-krallik-amerika-birlesik-devletlerinde-sirket-kurulumu\\\/\"]}]},{\"@type\":\"ImageObject\",\"inLanguage\":\"tr\",\"@id\":\"https:\\\/\\\/nmdigitalteam.com\\\/tr\\\/product\\\/birlesik-krallik-amerika-birlesik-devletlerinde-sirket-kurulumu\\\/#primaryimage\",\"url\":\"https:\\\/\\\/nmdigitalteam.com\\\/wp-content\\\/uploads\\\/2022\\\/01\\\/how-to-register-your-company-in-the-USA-and-UK-Today-Open-start-your-business-online.jpg\",\"contentUrl\":\"https:\\\/\\\/nmdigitalteam.com\\\/wp-content\\\/uploads\\\/2022\\\/01\\\/how-to-register-your-company-in-the-USA-and-UK-Today-Open-start-your-business-online.jpg\",\"width\":640,\"height\":426},{\"@type\":\"BreadcrumbList\",\"@id\":\"https:\\\/\\\/nmdigitalteam.com\\\/tr\\\/product\\\/birlesik-krallik-amerika-birlesik-devletlerinde-sirket-kurulumu\\\/#breadcrumb\",\"itemListElement\":[{\"@type\":\"ListItem\",\"position\":1,\"name\":\"Home\",\"item\":\"https:\\\/\\\/nmdigitalteam.com\\\/tr\\\/\"},{\"@type\":\"ListItem\",\"position\":2,\"name\":\"Shop\",\"item\":\"https:\\\/\\\/nmdigitalteam.com\\\/az\\\/shop\\\/\"},{\"@type\":\"ListItem\",\"position\":3,\"name\":\"Birle\u015fik Krall\u0131k\\\/Amerika Birle\u015fik Devletleri&#8217;nde \u015eirket Kurulumu\"}]},{\"@type\":\"WebSite\",\"@id\":\"https:\\\/\\\/nmdigitalteam.com\\\/tr\\\/#website\",\"url\":\"https:\\\/\\\/nmdigitalteam.com\\\/tr\\\/\",\"name\":\"\",\"description\":\"\",\"publisher\":{\"@id\":\"https:\\\/\\\/nmdigitalteam.com\\\/tr\\\/#organization\"},\"potentialAction\":[{\"@type\":\"SearchAction\",\"target\":{\"@type\":\"EntryPoint\",\"urlTemplate\":\"https:\\\/\\\/nmdigitalteam.com\\\/tr\\\/?s={search_term_string}\"},\"query-input\":{\"@type\":\"PropertyValueSpecification\",\"valueRequired\":true,\"valueName\":\"search_term_string\"}}],\"inLanguage\":\"tr\"},{\"@type\":\"Organization\",\"@id\":\"https:\\\/\\\/nmdigitalteam.com\\\/tr\\\/#organization\",\"name\":\"NM Digital Team\",\"url\":\"https:\\\/\\\/nmdigitalteam.com\\\/tr\\\/\",\"logo\":{\"@type\":\"ImageObject\",\"inLanguage\":\"tr\",\"@id\":\"https:\\\/\\\/nmdigitalteam.com\\\/tr\\\/#\\\/schema\\\/logo\\\/image\\\/\",\"url\":\"https:\\\/\\\/nmdigitalteam.com\\\/wp-content\\\/uploads\\\/2020\\\/07\\\/NM-DIGITAL-TEAM-Reqemsal-Marketing-Xidmetleri-Baku-e1600283694568.png\",\"contentUrl\":\"https:\\\/\\\/nmdigitalteam.com\\\/wp-content\\\/uploads\\\/2020\\\/07\\\/NM-DIGITAL-TEAM-Reqemsal-Marketing-Xidmetleri-Baku-e1600283694568.png\",\"width\":128,\"height\":128,\"caption\":\"NM Digital Team\"},\"image\":{\"@id\":\"https:\\\/\\\/nmdigitalteam.com\\\/tr\\\/#\\\/schema\\\/logo\\\/image\\\/\"},\"sameAs\":[\"https:\\\/\\\/www.facebook.com\\\/NMdigitalteam\",\"https:\\\/\\\/x.com\\\/nmdigitalteam\",\"https:\\\/\\\/www.instagram.com\\\/nmdigitalteam\\\/\",\"https:\\\/\\\/www.linkedin.com\\\/company\\\/nm-digital-team\",\"https:\\\/\\\/www.pinterest.com\\\/nmdigitalteam\\\/\"]}]}<\/script>\n<!-- \/ Yoast SEO plugin. -->","yoast_head_json":{"title":"Birle\u015fik Krall\u0131k\/Amerika Birle\u015fik Devletleri'nde \u015eirket Kurulumu","description":"NM Digital Team \u0130ngiltere ve Amerika Birle\u015fik Devletleri'nde \u015firketinizi kurman\u0131za yard\u0131mc\u0131 olacakt\u0131r. \u015eirketinizi Kaydettirebiliriz.","robots":{"index":"index","follow":"follow","max-snippet":"max-snippet:-1","max-image-preview":"max-image-preview:large","max-video-preview":"max-video-preview:-1"},"canonical":"https:\/\/nmdigitalteam.com\/tr\/product\/birlesik-krallik-amerika-birlesik-devletlerinde-sirket-kurulumu\/","schema":{"@context":"https:\/\/schema.org","@graph":[{"@type":"WebPage","@id":"https:\/\/nmdigitalteam.com\/tr\/product\/birlesik-krallik-amerika-birlesik-devletlerinde-sirket-kurulumu\/","url":"https:\/\/nmdigitalteam.com\/tr\/product\/birlesik-krallik-amerika-birlesik-devletlerinde-sirket-kurulumu\/","name":"Birle\u015fik Krall\u0131k\/Amerika Birle\u015fik Devletleri'nde \u015eirket Kurulumu","isPartOf":{"@id":"https:\/\/nmdigitalteam.com\/tr\/#website"},"primaryImageOfPage":{"@id":"https:\/\/nmdigitalteam.com\/tr\/product\/birlesik-krallik-amerika-birlesik-devletlerinde-sirket-kurulumu\/#primaryimage"},"image":{"@id":"https:\/\/nmdigitalteam.com\/tr\/product\/birlesik-krallik-amerika-birlesik-devletlerinde-sirket-kurulumu\/#primaryimage"},"thumbnailUrl":"https:\/\/nmdigitalteam.com\/wp-content\/uploads\/2022\/01\/how-to-register-your-company-in-the-USA-and-UK-Today-Open-start-your-business-online.jpg","datePublished":"2022-01-25T13:22:21+00:00","dateModified":"2022-01-25T16:26:14+00:00","description":"NM Digital Team \u0130ngiltere ve Amerika Birle\u015fik Devletleri'nde \u015firketinizi kurman\u0131za yard\u0131mc\u0131 olacakt\u0131r. \u015eirketinizi Kaydettirebiliriz.","breadcrumb":{"@id":"https:\/\/nmdigitalteam.com\/tr\/product\/birlesik-krallik-amerika-birlesik-devletlerinde-sirket-kurulumu\/#breadcrumb"},"inLanguage":"tr","potentialAction":[{"@type":"ReadAction","target":["https:\/\/nmdigitalteam.com\/tr\/product\/birlesik-krallik-amerika-birlesik-devletlerinde-sirket-kurulumu\/"]}]},{"@type":"ImageObject","inLanguage":"tr","@id":"https:\/\/nmdigitalteam.com\/tr\/product\/birlesik-krallik-amerika-birlesik-devletlerinde-sirket-kurulumu\/#primaryimage","url":"https:\/\/nmdigitalteam.com\/wp-content\/uploads\/2022\/01\/how-to-register-your-company-in-the-USA-and-UK-Today-Open-start-your-business-online.jpg","contentUrl":"https:\/\/nmdigitalteam.com\/wp-content\/uploads\/2022\/01\/how-to-register-your-company-in-the-USA-and-UK-Today-Open-start-your-business-online.jpg","width":640,"height":426},{"@type":"BreadcrumbList","@id":"https:\/\/nmdigitalteam.com\/tr\/product\/birlesik-krallik-amerika-birlesik-devletlerinde-sirket-kurulumu\/#breadcrumb","itemListElement":[{"@type":"ListItem","position":1,"name":"Home","item":"https:\/\/nmdigitalteam.com\/tr\/"},{"@type":"ListItem","position":2,"name":"Shop","item":"https:\/\/nmdigitalteam.com\/az\/shop\/"},{"@type":"ListItem","position":3,"name":"Birle\u015fik Krall\u0131k\/Amerika Birle\u015fik Devletleri&#8217;nde \u015eirket Kurulumu"}]},{"@type":"WebSite","@id":"https:\/\/nmdigitalteam.com\/tr\/#website","url":"https:\/\/nmdigitalteam.com\/tr\/","name":"","description":"","publisher":{"@id":"https:\/\/nmdigitalteam.com\/tr\/#organization"},"potentialAction":[{"@type":"SearchAction","target":{"@type":"EntryPoint","urlTemplate":"https:\/\/nmdigitalteam.com\/tr\/?s={search_term_string}"},"query-input":{"@type":"PropertyValueSpecification","valueRequired":true,"valueName":"search_term_string"}}],"inLanguage":"tr"},{"@type":"Organization","@id":"https:\/\/nmdigitalteam.com\/tr\/#organization","name":"NM Digital Team","url":"https:\/\/nmdigitalteam.com\/tr\/","logo":{"@type":"ImageObject","inLanguage":"tr","@id":"https:\/\/nmdigitalteam.com\/tr\/#\/schema\/logo\/image\/","url":"https:\/\/nmdigitalteam.com\/wp-content\/uploads\/2020\/07\/NM-DIGITAL-TEAM-Reqemsal-Marketing-Xidmetleri-Baku-e1600283694568.png","contentUrl":"https:\/\/nmdigitalteam.com\/wp-content\/uploads\/2020\/07\/NM-DIGITAL-TEAM-Reqemsal-Marketing-Xidmetleri-Baku-e1600283694568.png","width":128,"height":128,"caption":"NM Digital Team"},"image":{"@id":"https:\/\/nmdigitalteam.com\/tr\/#\/schema\/logo\/image\/"},"sameAs":["https:\/\/www.facebook.com\/NMdigitalteam","https:\/\/x.com\/nmdigitalteam","https:\/\/www.instagram.com\/nmdigitalteam\/","https:\/\/www.linkedin.com\/company\/nm-digital-team","https:\/\/www.pinterest.com\/nmdigitalteam\/"]}]}},"_links":{"self":[{"href":"https:\/\/nmdigitalteam.com\/tr\/wp-json\/wp\/v2\/product\/9347","targetHints":{"allow":["GET"]}}],"collection":[{"href":"https:\/\/nmdigitalteam.com\/tr\/wp-json\/wp\/v2\/product"}],"about":[{"href":"https:\/\/nmdigitalteam.com\/tr\/wp-json\/wp\/v2\/types\/product"}],"wp:featuredmedia":[{"embeddable":true,"href":"https:\/\/nmdigitalteam.com\/tr\/wp-json\/wp\/v2\/media\/9338"}],"wp:attachment":[{"href":"https:\/\/nmdigitalteam.com\/tr\/wp-json\/wp\/v2\/media?parent=9347"}],"wp:term":[{"taxonomy":"product_brand","embeddable":true,"href":"https:\/\/nmdigitalteam.com\/tr\/wp-json\/wp\/v2\/product_brand?post=9347"},{"taxonomy":"product_cat","embeddable":true,"href":"https:\/\/nmdigitalteam.com\/tr\/wp-json\/wp\/v2\/product_cat?post=9347"},{"taxonomy":"product_tag","embeddable":true,"href":"https:\/\/nmdigitalteam.com\/tr\/wp-json\/wp\/v2\/product_tag?post=9347"}],"curies":[{"name":"wp","href":"https:\/\/api.w.org\/{rel}","templated":true}]}}